{"id":14129,"date":"2025-11-13T09:57:22","date_gmt":"2025-11-13T09:57:22","guid":{"rendered":"https:\/\/galeriesklenar.devwp.cz\/product\/karel-malich-svetlo\/"},"modified":"2025-11-13T09:57:22","modified_gmt":"2025-11-13T09:57:22","slug":"karel-malich-svetlo","status":"publish","type":"product","link":"https:\/\/galeriesklenar.devwp.cz\/en\/product\/karel-malich-svetlo\/","title":{"rendered":"KAREL MALICH \u2013 SV\u011aTLO"},"content":{"rendered":"<p>Rok vzniku: 1993<br \/>\nTechnika: serigrafie, pap&iacute;r<br \/>\nSignatura: signov&aacute;no autorem&nbsp;<br \/>\nTisk: 38 &times; 24 cm<br \/>\nPap&iacute;r: 53 &times; 38 cm<br \/>\nN&aacute;klad: 60 exempl&aacute;\u0159\u016f + X autorsk&yacute;ch<br \/>\nVydavatel: Zden\u011bk Sklen&aacute;\u0159, Litomy&scaron;l<br \/>\nTisk serigrafie: Anton&iacute;n Kom&aacute;rek a Ren&eacute; \u0158ebec<\/p>\n","protected":false},"excerpt":{"rendered":"<p>Rok vzniku: 1993 Technika: serigrafie, pap&iacute;r Signatura: signov&aacute;no autorem&nbsp; Tisk: 38 &times; 24 cm Pap&iacute;r: 53 &times; 38 cm N&aacute;klad: 60 exempl&aacute;\u0159\u016f + X autorsk&yacute;ch Vydavatel: Zden\u011bk Sklen&aacute;\u0159, Litomy&scaron;l Tisk serigrafie: Anton&iacute;n Kom&aacute;rek a Ren&eacute; \u0158ebec<\/p>\n","protected":false},"featured_media":4925,"comment_status":"open","ping_status":"closed","template":"","meta":{"_acf_changed":false},"product_brand":[],"product_cat":[35,34,33],"product_tag":[],"class_list":{"0":"post-14129","1":"product","2":"type-product","3":"status-publish","4":"has-post-thumbnail","6":"product_cat-aktualni-dila-k-prodeji","7":"product_cat-graficke-listy","8":"product_cat-umelecka-dila","10":"first","11":"instock","12":"taxable","13":"shipping-taxable","14":"purchasable","15":"product-type-simple"},"acf":[],"_links":{"self":[{"href":"https:\/\/galeriesklenar.devwp.cz\/en\/wp-json\/wp\/v2\/product\/14129","targetHints":{"allow":["GET"]}}],"collection":[{"href":"https:\/\/galeriesklenar.devwp.cz\/en\/wp-json\/wp\/v2\/product"}],"about":[{"href":"https:\/\/galeriesklenar.devwp.cz\/en\/wp-json\/wp\/v2\/types\/product"}],"replies":[{"embeddable":true,"href":"https:\/\/galeriesklenar.devwp.cz\/en\/wp-json\/wp\/v2\/comments?post=14129"}],"wp:featuredmedia":[{"embeddable":true,"href":"https:\/\/galeriesklenar.devwp.cz\/en\/wp-json\/wp\/v2\/media\/4925"}],"wp:attachment":[{"href":"https:\/\/galeriesklenar.devwp.cz\/en\/wp-json\/wp\/v2\/media?parent=14129"}],"wp:term":[{"taxonomy":"product_brand","embeddable":true,"href":"https:\/\/galeriesklenar.devwp.cz\/en\/wp-json\/wp\/v2\/product_brand?post=14129"},{"taxonomy":"product_cat","embeddable":true,"href":"https:\/\/galeriesklenar.devwp.cz\/en\/wp-json\/wp\/v2\/product_cat?post=14129"},{"taxonomy":"product_tag","embeddable":true,"href":"https:\/\/galeriesklenar.devwp.cz\/en\/wp-json\/wp\/v2\/product_tag?post=14129"}],"curies":[{"name":"wp","href":"https:\/\/api.w.org\/{rel}","templated":true}]}}