{"id":14171,"date":"2025-11-13T09:57:24","date_gmt":"2025-11-13T09:57:24","guid":{"rendered":"https:\/\/galeriesklenar.devwp.cz\/product\/vladimir-kopecky-modlitba\/"},"modified":"2025-11-13T09:57:24","modified_gmt":"2025-11-13T09:57:24","slug":"vladimir-kopecky-modlitba","status":"publish","type":"product","link":"https:\/\/galeriesklenar.devwp.cz\/en\/product\/vladimir-kopecky-modlitba\/","title":{"rendered":"VLADIM\u00cdR KOPECK\u00dd \u2013 MODLITBA"},"content":{"rendered":"<p>album 2 grafick&yacute;ch list\u016f<br \/>\n&nbsp;<br \/>\nRok vzniku: 2012<br \/>\nTechnika: serigrafie, pap&iacute;r<br \/>\nN&aacute;klad: 20 exempl&aacute;\u0159\u016f + X autorsk&yacute;ch<br \/>\nVydavatel: Galerie Zden\u011bk Sklen&aacute;\u0159, Praha<br \/>\nTisk: Anton&iacute;n Kom&aacute;rek a Ren&eacute; \u0158ebec<br \/>\nDesign a kniha\u0159sk&eacute; zpracov&aacute;n&iacute;: Jan \u010cin\u010dera<br \/>\nTypografie: Ale&scaron; Najbrt<\/p>\n","protected":false},"excerpt":{"rendered":"<p>album 2 grafick&yacute;ch list\u016f &nbsp; Rok vzniku: 2012 Technika: serigrafie, pap&iacute;r N&aacute;klad: 20 exempl&aacute;\u0159\u016f + X autorsk&yacute;ch Vydavatel: Galerie Zden\u011bk Sklen&aacute;\u0159, Praha Tisk: Anton&iacute;n Kom&aacute;rek a Ren&eacute; \u0158ebec Design a kniha\u0159sk&eacute; zpracov&aacute;n&iacute;: Jan \u010cin\u010dera Typografie: Ale&scaron; Najbrt<\/p>\n","protected":false},"featured_media":4158,"comment_status":"open","ping_status":"closed","template":"","meta":{"_acf_changed":false},"product_brand":[],"product_cat":[35,34,33],"product_tag":[],"class_list":{"0":"post-14171","1":"product","2":"type-product","3":"status-publish","4":"has-post-thumbnail","6":"product_cat-aktualni-dila-k-prodeji","7":"product_cat-graficke-listy","8":"product_cat-umelecka-dila","10":"first","11":"instock","12":"taxable","13":"shipping-taxable","14":"purchasable","15":"product-type-simple"},"acf":[],"_links":{"self":[{"href":"https:\/\/galeriesklenar.devwp.cz\/en\/wp-json\/wp\/v2\/product\/14171","targetHints":{"allow":["GET"]}}],"collection":[{"href":"https:\/\/galeriesklenar.devwp.cz\/en\/wp-json\/wp\/v2\/product"}],"about":[{"href":"https:\/\/galeriesklenar.devwp.cz\/en\/wp-json\/wp\/v2\/types\/product"}],"replies":[{"embeddable":true,"href":"https:\/\/galeriesklenar.devwp.cz\/en\/wp-json\/wp\/v2\/comments?post=14171"}],"wp:featuredmedia":[{"embeddable":true,"href":"https:\/\/galeriesklenar.devwp.cz\/en\/wp-json\/wp\/v2\/media\/4158"}],"wp:attachment":[{"href":"https:\/\/galeriesklenar.devwp.cz\/en\/wp-json\/wp\/v2\/media?parent=14171"}],"wp:term":[{"taxonomy":"product_brand","embeddable":true,"href":"https:\/\/galeriesklenar.devwp.cz\/en\/wp-json\/wp\/v2\/product_brand?post=14171"},{"taxonomy":"product_cat","embeddable":true,"href":"https:\/\/galeriesklenar.devwp.cz\/en\/wp-json\/wp\/v2\/product_cat?post=14171"},{"taxonomy":"product_tag","embeddable":true,"href":"https:\/\/galeriesklenar.devwp.cz\/en\/wp-json\/wp\/v2\/product_tag?post=14171"}],"curies":[{"name":"wp","href":"https:\/\/api.w.org\/{rel}","templated":true}]}}