{"id":14201,"date":"2025-11-13T09:57:25","date_gmt":"2025-11-13T09:57:25","guid":{"rendered":"https:\/\/galeriesklenar.devwp.cz\/product\/yue-minjun-portrait-of-character\/"},"modified":"2025-11-13T09:57:25","modified_gmt":"2025-11-13T09:57:25","slug":"yue-minjun-portrait-of-character","status":"publish","type":"product","link":"https:\/\/galeriesklenar.devwp.cz\/en\/product\/yue-minjun-portrait-of-character\/","title":{"rendered":"YUE MINJUN &#8211; PORTRAIT OF CHARACTER"},"content":{"rendered":"<p>Rok vzniku: 2019<br \/>\nTechnika: &scaron;estat\u0159icetibarevn&aacute; serigrafie, pap&iacute;r<br \/>\nSignatura: signov&aacute;no autorem<br \/>\nRozm\u011br: 98 &times; 80 cm<br \/>\nN&aacute;klad: 99 exempl&aacute;\u0159\u016f + XII autorsk&yacute;ch&nbsp;<br \/>\nVydavatel: Galerie Zden\u011bk Sklen&aacute;\u0159, Praha<br \/>\nTisk:&nbsp;Sanban Studio, Beijing<\/p>\n","protected":false},"excerpt":{"rendered":"<p>Rok vzniku: 2019 Technika: &scaron;estat\u0159icetibarevn&aacute; serigrafie, pap&iacute;r Signatura: signov&aacute;no autorem Rozm\u011br: 98 &times; 80 cm N&aacute;klad: 99 exempl&aacute;\u0159\u016f + XII autorsk&yacute;ch&nbsp; Vydavatel: Galerie Zden\u011bk Sklen&aacute;\u0159, Praha Tisk:&nbsp;Sanban Studio, Beijing<\/p>\n","protected":false},"featured_media":11254,"comment_status":"open","ping_status":"closed","template":"","meta":{"_acf_changed":false},"product_brand":[],"product_cat":[35,34,33],"product_tag":[],"class_list":{"0":"post-14201","1":"product","2":"type-product","3":"status-publish","4":"has-post-thumbnail","6":"product_cat-aktualni-dila-k-prodeji","7":"product_cat-graficke-listy","8":"product_cat-umelecka-dila","10":"first","11":"instock","12":"taxable","13":"shipping-taxable","14":"purchasable","15":"product-type-simple"},"acf":[],"_links":{"self":[{"href":"https:\/\/galeriesklenar.devwp.cz\/en\/wp-json\/wp\/v2\/product\/14201","targetHints":{"allow":["GET"]}}],"collection":[{"href":"https:\/\/galeriesklenar.devwp.cz\/en\/wp-json\/wp\/v2\/product"}],"about":[{"href":"https:\/\/galeriesklenar.devwp.cz\/en\/wp-json\/wp\/v2\/types\/product"}],"replies":[{"embeddable":true,"href":"https:\/\/galeriesklenar.devwp.cz\/en\/wp-json\/wp\/v2\/comments?post=14201"}],"wp:featuredmedia":[{"embeddable":true,"href":"https:\/\/galeriesklenar.devwp.cz\/en\/wp-json\/wp\/v2\/media\/11254"}],"wp:attachment":[{"href":"https:\/\/galeriesklenar.devwp.cz\/en\/wp-json\/wp\/v2\/media?parent=14201"}],"wp:term":[{"taxonomy":"product_brand","embeddable":true,"href":"https:\/\/galeriesklenar.devwp.cz\/en\/wp-json\/wp\/v2\/product_brand?post=14201"},{"taxonomy":"product_cat","embeddable":true,"href":"https:\/\/galeriesklenar.devwp.cz\/en\/wp-json\/wp\/v2\/product_cat?post=14201"},{"taxonomy":"product_tag","embeddable":true,"href":"https:\/\/galeriesklenar.devwp.cz\/en\/wp-json\/wp\/v2\/product_tag?post=14201"}],"curies":[{"name":"wp","href":"https:\/\/api.w.org\/{rel}","templated":true}]}}