{"id":14207,"date":"2025-11-13T09:57:25","date_gmt":"2025-11-13T09:57:25","guid":{"rendered":"https:\/\/galeriesklenar.devwp.cz\/product\/zdenek-sykora-27-linii\/"},"modified":"2025-11-13T09:57:25","modified_gmt":"2025-11-13T09:57:25","slug":"zdenek-sykora-27-linii","status":"publish","type":"product","link":"https:\/\/galeriesklenar.devwp.cz\/en\/product\/zdenek-sykora-27-linii\/","title":{"rendered":"ZDEN\u011aK S\u00ddKORA \u2013 27 LINI\u00cd"},"content":{"rendered":"<p>sou\u010d&aacute;st alba \u010cesk&aacute; grafika I<br \/>\n&nbsp;<\/p>\n<p>&bdquo;Pod okny te\u010de \u0159eka.&nbsp;&nbsp; Dny, noci&hellip; t&yacute;dny&hellip; stalet&iacute;.<br \/>\nJak m&aacute;lo je \u010dasu.<br \/>\n&nbsp;<br \/>\n&nbsp;<br \/>\nProstor horizontem nekon\u010d&iacute;, je jen ne&uacute;prosn&eacute;, nekone\u010dn&eacute; pr&aacute;zdno.<br \/>\n&nbsp;<br \/>\n&nbsp;<br \/>\nA co my? D&iacute;ky Bohu za um\u011bn&iacute;.&ldquo; Zden\u011bk S&yacute;kora, 1993<br \/>\n&nbsp;<\/p>\n<p>Rok vzniku: 1993<br \/>\nTechnika: t\u0159&iacute;barevn&aacute; serigrafie, pap&iacute;r<br \/>\nSignatura: signov&aacute;no autorem &nbsp;<br \/>\nTisk: 27 &times; 27 cm<br \/>\nPap&iacute;r: 53 &times; 38 cm<br \/>\nN&aacute;klad: 100 exempl&aacute;\u0159\u016f&nbsp;+ XXX autorsk&yacute;ch<br \/>\nVydavatel: Zden\u011bk Sklen&aacute;\u0159, Litomy&scaron;l<br \/>\nKresba pro tisk: Lenka S&yacute;korov&aacute;<br \/>\nTisk serigrafie: Anton&iacute;n Kom&aacute;rek a Ren&eacute; \u0158ebec<br \/>\nKniha\u0159sk&eacute; zpracov&aacute;n&iacute;: Ji\u0159&iacute; Fogl<\/p>\n","protected":false},"excerpt":{"rendered":"<p>sou\u010d&aacute;st alba \u010cesk&aacute; grafika I &nbsp; &bdquo;Pod okny te\u010de \u0159eka.&nbsp;&nbsp; Dny, noci&hellip; t&yacute;dny&hellip; stalet&iacute;. Jak m&aacute;lo je \u010dasu. &nbsp; &nbsp; Prostor horizontem nekon\u010d&iacute;, je jen ne&uacute;prosn&eacute;, nekone\u010dn&eacute; pr&aacute;zdno. &nbsp; &nbsp; A co my? D&iacute;ky Bohu za um\u011bn&iacute;.&ldquo; Zden\u011bk S&yacute;kora, 1993 &nbsp; Rok vzniku: 1993 Technika: t\u0159&iacute;barevn&aacute; serigrafie, pap&iacute;r Signatura: signov&aacute;no autorem &nbsp; Tisk: 27 &times; [&hellip;]<\/p>\n","protected":false},"featured_media":5742,"comment_status":"open","ping_status":"closed","template":"","meta":{"_acf_changed":false},"product_brand":[],"product_cat":[35,34,33],"product_tag":[],"class_list":{"0":"post-14207","1":"product","2":"type-product","3":"status-publish","4":"has-post-thumbnail","6":"product_cat-aktualni-dila-k-prodeji","7":"product_cat-graficke-listy","8":"product_cat-umelecka-dila","10":"first","11":"instock","12":"taxable","13":"shipping-taxable","14":"purchasable","15":"product-type-simple"},"acf":[],"_links":{"self":[{"href":"https:\/\/galeriesklenar.devwp.cz\/en\/wp-json\/wp\/v2\/product\/14207","targetHints":{"allow":["GET"]}}],"collection":[{"href":"https:\/\/galeriesklenar.devwp.cz\/en\/wp-json\/wp\/v2\/product"}],"about":[{"href":"https:\/\/galeriesklenar.devwp.cz\/en\/wp-json\/wp\/v2\/types\/product"}],"replies":[{"embeddable":true,"href":"https:\/\/galeriesklenar.devwp.cz\/en\/wp-json\/wp\/v2\/comments?post=14207"}],"wp:featuredmedia":[{"embeddable":true,"href":"https:\/\/galeriesklenar.devwp.cz\/en\/wp-json\/wp\/v2\/media\/5742"}],"wp:attachment":[{"href":"https:\/\/galeriesklenar.devwp.cz\/en\/wp-json\/wp\/v2\/media?parent=14207"}],"wp:term":[{"taxonomy":"product_brand","embeddable":true,"href":"https:\/\/galeriesklenar.devwp.cz\/en\/wp-json\/wp\/v2\/product_brand?post=14207"},{"taxonomy":"product_cat","embeddable":true,"href":"https:\/\/galeriesklenar.devwp.cz\/en\/wp-json\/wp\/v2\/product_cat?post=14207"},{"taxonomy":"product_tag","embeddable":true,"href":"https:\/\/galeriesklenar.devwp.cz\/en\/wp-json\/wp\/v2\/product_tag?post=14207"}],"curies":[{"name":"wp","href":"https:\/\/api.w.org\/{rel}","templated":true}]}}