{"id":14213,"date":"2025-11-13T09:57:25","date_gmt":"2025-11-13T09:57:25","guid":{"rendered":"https:\/\/galeriesklenar.devwp.cz\/product\/zdenek-sykora-cerne-nulove-linie\/"},"modified":"2025-11-13T09:57:25","modified_gmt":"2025-11-13T09:57:25","slug":"zdenek-sykora-cerne-nulove-linie","status":"publish","type":"product","link":"https:\/\/galeriesklenar.devwp.cz\/en\/product\/zdenek-sykora-cerne-nulove-linie\/","title":{"rendered":"ZDEN\u011aK S\u00ddKORA \u2013 \u010cERN\u00c9 NULOV\u00c9 LINIE"},"content":{"rendered":"<p>Rok vzniku: 2011<br \/>\nTechnika: \u010dty\u0159barevn&aacute; serigrafie, pap&iacute;r<br \/>\nSignatura: signov&aacute;no autorem<br \/>\nRozm\u011br: 120 &times; 120 cm<br \/>\nN&aacute;klad: 60 exempl&aacute;\u0159\u016f + XX autorsk&yacute;ch<br \/>\nVydavatel: Galerie Zden\u011bk Sklen&aacute;\u0159, Praha<br \/>\nAutorsk&aacute; spolupr&aacute;ce: Lenka S&yacute;korov&aacute;<br \/>\nTisk: Anton&iacute;n Kom&aacute;rek a Ren&eacute; \u0158ebec<\/p>\n","protected":false},"excerpt":{"rendered":"<p>Rok vzniku: 2011 Technika: \u010dty\u0159barevn&aacute; serigrafie, pap&iacute;r Signatura: signov&aacute;no autorem Rozm\u011br: 120 &times; 120 cm N&aacute;klad: 60 exempl&aacute;\u0159\u016f + XX autorsk&yacute;ch Vydavatel: Galerie Zden\u011bk Sklen&aacute;\u0159, Praha Autorsk&aacute; spolupr&aacute;ce: Lenka S&yacute;korov&aacute; Tisk: Anton&iacute;n Kom&aacute;rek a Ren&eacute; \u0158ebec<\/p>\n","protected":false},"featured_media":6056,"comment_status":"open","ping_status":"closed","template":"","meta":{"_acf_changed":false},"product_brand":[],"product_cat":[35,34,33],"product_tag":[],"class_list":{"0":"post-14213","1":"product","2":"type-product","3":"status-publish","4":"has-post-thumbnail","6":"product_cat-aktualni-dila-k-prodeji","7":"product_cat-graficke-listy","8":"product_cat-umelecka-dila","10":"first","11":"instock","12":"taxable","13":"shipping-taxable","14":"purchasable","15":"product-type-simple"},"acf":[],"_links":{"self":[{"href":"https:\/\/galeriesklenar.devwp.cz\/en\/wp-json\/wp\/v2\/product\/14213","targetHints":{"allow":["GET"]}}],"collection":[{"href":"https:\/\/galeriesklenar.devwp.cz\/en\/wp-json\/wp\/v2\/product"}],"about":[{"href":"https:\/\/galeriesklenar.devwp.cz\/en\/wp-json\/wp\/v2\/types\/product"}],"replies":[{"embeddable":true,"href":"https:\/\/galeriesklenar.devwp.cz\/en\/wp-json\/wp\/v2\/comments?post=14213"}],"wp:featuredmedia":[{"embeddable":true,"href":"https:\/\/galeriesklenar.devwp.cz\/en\/wp-json\/wp\/v2\/media\/6056"}],"wp:attachment":[{"href":"https:\/\/galeriesklenar.devwp.cz\/en\/wp-json\/wp\/v2\/media?parent=14213"}],"wp:term":[{"taxonomy":"product_brand","embeddable":true,"href":"https:\/\/galeriesklenar.devwp.cz\/en\/wp-json\/wp\/v2\/product_brand?post=14213"},{"taxonomy":"product_cat","embeddable":true,"href":"https:\/\/galeriesklenar.devwp.cz\/en\/wp-json\/wp\/v2\/product_cat?post=14213"},{"taxonomy":"product_tag","embeddable":true,"href":"https:\/\/galeriesklenar.devwp.cz\/en\/wp-json\/wp\/v2\/product_tag?post=14213"}],"curies":[{"name":"wp","href":"https:\/\/api.w.org\/{rel}","templated":true}]}}