{"id":14223,"date":"2025-11-13T09:57:26","date_gmt":"2025-11-13T09:57:26","guid":{"rendered":"https:\/\/galeriesklenar.devwp.cz\/product\/zdenek-sykora-let-2344\/"},"modified":"2025-11-13T09:57:26","modified_gmt":"2025-11-13T09:57:26","slug":"zdenek-sykora-let-2344","status":"publish","type":"product","link":"https:\/\/galeriesklenar.devwp.cz\/en\/product\/zdenek-sykora-let-2344\/","title":{"rendered":"ZDEN\u011aK S\u00ddKORA \u2013 LET 2344"},"content":{"rendered":"<p>sou\u010d&aacute;st alba L&eacute;t&aacute;n&iacute;<br \/>\n&nbsp;<br \/>\nRok vzniku: 2007<br \/>\nTechnika: \u010dty\u0159barevn&aacute; serigrafie, pap&iacute;r<br \/>\nSignatura: signov&aacute;no autorem<br \/>\nRozm\u011br: 70 &times; 70 cm<br \/>\nN&aacute;klad: 40 exempl&aacute;\u0159\u016f + XV autorsk&yacute;ch<br \/>\nVydavatel: Galerie Zden\u011bk Sklen&aacute;\u0159, Praha<br \/>\nSpoluautorka: Lenka S&yacute;korov&aacute;<br \/>\nTisk: Anton&iacute;n Kom&aacute;rek a Ren&eacute; \u0158ebec<\/p>\n","protected":false},"excerpt":{"rendered":"<p>sou\u010d&aacute;st alba L&eacute;t&aacute;n&iacute; &nbsp; Rok vzniku: 2007 Technika: \u010dty\u0159barevn&aacute; serigrafie, pap&iacute;r Signatura: signov&aacute;no autorem Rozm\u011br: 70 &times; 70 cm N&aacute;klad: 40 exempl&aacute;\u0159\u016f + XV autorsk&yacute;ch Vydavatel: Galerie Zden\u011bk Sklen&aacute;\u0159, Praha Spoluautorka: Lenka S&yacute;korov&aacute; Tisk: Anton&iacute;n Kom&aacute;rek a Ren&eacute; \u0158ebec<\/p>\n","protected":false},"featured_media":6037,"comment_status":"open","ping_status":"closed","template":"","meta":{"_acf_changed":false},"product_brand":[],"product_cat":[35,34,33],"product_tag":[],"class_list":{"0":"post-14223","1":"product","2":"type-product","3":"status-publish","4":"has-post-thumbnail","6":"product_cat-aktualni-dila-k-prodeji","7":"product_cat-graficke-listy","8":"product_cat-umelecka-dila","10":"first","11":"instock","12":"taxable","13":"shipping-taxable","14":"purchasable","15":"product-type-simple"},"acf":[],"_links":{"self":[{"href":"https:\/\/galeriesklenar.devwp.cz\/en\/wp-json\/wp\/v2\/product\/14223","targetHints":{"allow":["GET"]}}],"collection":[{"href":"https:\/\/galeriesklenar.devwp.cz\/en\/wp-json\/wp\/v2\/product"}],"about":[{"href":"https:\/\/galeriesklenar.devwp.cz\/en\/wp-json\/wp\/v2\/types\/product"}],"replies":[{"embeddable":true,"href":"https:\/\/galeriesklenar.devwp.cz\/en\/wp-json\/wp\/v2\/comments?post=14223"}],"wp:featuredmedia":[{"embeddable":true,"href":"https:\/\/galeriesklenar.devwp.cz\/en\/wp-json\/wp\/v2\/media\/6037"}],"wp:attachment":[{"href":"https:\/\/galeriesklenar.devwp.cz\/en\/wp-json\/wp\/v2\/media?parent=14223"}],"wp:term":[{"taxonomy":"product_brand","embeddable":true,"href":"https:\/\/galeriesklenar.devwp.cz\/en\/wp-json\/wp\/v2\/product_brand?post=14223"},{"taxonomy":"product_cat","embeddable":true,"href":"https:\/\/galeriesklenar.devwp.cz\/en\/wp-json\/wp\/v2\/product_cat?post=14223"},{"taxonomy":"product_tag","embeddable":true,"href":"https:\/\/galeriesklenar.devwp.cz\/en\/wp-json\/wp\/v2\/product_tag?post=14223"}],"curies":[{"name":"wp","href":"https:\/\/api.w.org\/{rel}","templated":true}]}}