{"id":4752,"date":"2024-03-15T15:50:38","date_gmt":"2024-03-15T15:50:38","guid":{"rendered":"https:\/\/galeriesklenar.devwp.cz\/product\/bohuslav-reynek-cesky-moderni-samotar-cz\/"},"modified":"2024-03-15T15:51:50","modified_gmt":"2024-03-15T15:51:50","slug":"bohuslav-reynek-cesky-moderni-samotar-cz","status":"publish","type":"product","link":"https:\/\/galeriesklenar.devwp.cz\/en\/product\/bohuslav-reynek-cesky-moderni-samotar-cz\/","title":{"rendered":"Bohuslav Reynek \u2013 \u010cesk\u00fd modern\u00ed samot\u00e1\u0159 (CZ)"},"content":{"rendered":"<p>Prvn&iacute; Reynkova <a href=\"https:\/\/www.zdeneksklenar.cz\/vystavy\/225-bohuslav-reynek--a-czech-modern-recluse\">v&yacute;stava <\/a>v \u010c&iacute;n\u011b zaznamenala fenomen&aacute;ln&iacute; &uacute;sp\u011bch. B\u011bhem \u010dtrn&aacute;cti dn\u016f (30. 4. &ndash; 15. 5. 2012) ji v&nbsp;N&aacute;rodn&iacute; galerii \u010c&iacute;ny v&nbsp;Pekingu zhl&eacute;dlo v&iacute;ce ne\u017e 58 tis&iacute;c n&aacute;v&scaron;t\u011bvn&iacute;k\u016f. K v&yacute;stav\u011b byla vyd&aacute;na stejnojmenn&aacute; kniha p\u0159edstavuj&iacute;c&iacute; pr\u016f\u0159ez autorovou tvorbou. Obsahuje bezm&aacute;la 140 v&yacute;tvarn&yacute;ch d\u011bl&nbsp;a je dopln\u011bna i Reynkov&yacute;mi b&aacute;sn\u011bmi a dobov&yacute;mi fotografiemi Dagmar Hochov&eacute; a Jaroslava Krej\u010d&iacute;ho.<\/p>\n<p>Vynikaj&iacute;c&iacute; kvalita tisku, kniha v&aacute;zan&aacute; v&nbsp;hedv&aacute;b&iacute; a vlo\u017een&aacute; do kartonov&eacute;ho pouzdra, grafick&aacute; &uacute;prava v&nbsp;duchu tradi\u010dn&iacute;ch \u010d&iacute;nsk&yacute;ch vazeb, texty Old\u0159icha Kr&aacute;le, Ale&scaron;e Role\u010dka, Ji\u0159&iacute;ho Reynka a&nbsp;p\u0159edn&iacute;ho \u010d&iacute;nsk&eacute;ho historika um\u011bn&iacute; Lang &Scaron;ao-\u0165&uuml;na.<\/p>\n","protected":false},"excerpt":{"rendered":"<p>Prvn&iacute; Reynkova v&yacute;stava v \u010c&iacute;n\u011b zaznamenala fenomen&aacute;ln&iacute; &uacute;sp\u011bch. B\u011bhem \u010dtrn&aacute;cti dn\u016f (30. 4. &ndash; 15. 5. 2012) ji v&nbsp;N&aacute;rodn&iacute; galerii \u010c&iacute;ny v&nbsp;Pekingu zhl&eacute;dlo v&iacute;ce ne\u017e 58 tis&iacute;c n&aacute;v&scaron;t\u011bvn&iacute;k\u016f. K v&yacute;stav\u011b byla vyd&aacute;na stejnojmenn&aacute; kniha p\u0159edstavuj&iacute;c&iacute; pr\u016f\u0159ez autorovou tvorbou. Obsahuje bezm&aacute;la 140 v&yacute;tvarn&yacute;ch d\u011bl&nbsp;a je dopln\u011bna i Reynkov&yacute;mi b&aacute;sn\u011bmi a dobov&yacute;mi fotografiemi Dagmar Hochov&eacute; a Jaroslava [&hellip;]<\/p>\n","protected":false},"featured_media":4753,"comment_status":"closed","ping_status":"open","template":"","meta":{"_acf_changed":false},"product_brand":[],"product_cat":[35,36,34,28,33],"product_tag":[],"class_list":{"0":"post-4752","1":"product","2":"type-product","3":"status-publish","4":"has-post-thumbnail","6":"product_cat-aktualni-dila-k-prodeji","7":"product_cat-fineart","8":"product_cat-graficke-listy","9":"product_cat-krasne-knihy","10":"product_cat-umelecka-dila","12":"first","13":"instock","14":"purchasable","15":"product-type-simple"},"acf":[],"_links":{"self":[{"href":"https:\/\/galeriesklenar.devwp.cz\/en\/wp-json\/wp\/v2\/product\/4752","targetHints":{"allow":["GET"]}}],"collection":[{"href":"https:\/\/galeriesklenar.devwp.cz\/en\/wp-json\/wp\/v2\/product"}],"about":[{"href":"https:\/\/galeriesklenar.devwp.cz\/en\/wp-json\/wp\/v2\/types\/product"}],"replies":[{"embeddable":true,"href":"https:\/\/galeriesklenar.devwp.cz\/en\/wp-json\/wp\/v2\/comments?post=4752"}],"wp:featuredmedia":[{"embeddable":true,"href":"https:\/\/galeriesklenar.devwp.cz\/en\/wp-json\/wp\/v2\/media\/4753"}],"wp:attachment":[{"href":"https:\/\/galeriesklenar.devwp.cz\/en\/wp-json\/wp\/v2\/media?parent=4752"}],"wp:term":[{"taxonomy":"product_brand","embeddable":true,"href":"https:\/\/galeriesklenar.devwp.cz\/en\/wp-json\/wp\/v2\/product_brand?post=4752"},{"taxonomy":"product_cat","embeddable":true,"href":"https:\/\/galeriesklenar.devwp.cz\/en\/wp-json\/wp\/v2\/product_cat?post=4752"},{"taxonomy":"product_tag","embeddable":true,"href":"https:\/\/galeriesklenar.devwp.cz\/en\/wp-json\/wp\/v2\/product_tag?post=4752"}],"curies":[{"name":"wp","href":"https:\/\/api.w.org\/{rel}","templated":true}]}}