{"id":4794,"date":"2024-03-15T15:51:52","date_gmt":"2024-03-15T15:51:52","guid":{"rendered":"https:\/\/galeriesklenar.devwp.cz\/product\/audiokniha-opici-kral-zdenek-sklenar\/"},"modified":"2024-03-15T15:52:07","modified_gmt":"2024-03-15T15:52:07","slug":"audiokniha-opici-kral-zdenek-sklenar","status":"publish","type":"product","link":"https:\/\/galeriesklenar.devwp.cz\/en\/product\/audiokniha-opici-kral-zdenek-sklenar\/","title":{"rendered":"audiokniha Opi\u010d\u00ed kr\u00e1l \/ Zden\u011bk Sklen\u00e1\u0159"},"content":{"rendered":"<p>Opi\u010d&iacute; kr&aacute;l &ndash; Sun Wu-kchung &ndash; magick&yacute; poutn&iacute;k krajinami srdce, zrozenec \u010d&iacute;nsk&yacute;ch vyprav\u011b\u010d\u016f, kamar&aacute;d herc\u016f, b&aacute;sn&iacute;k\u016f, mal&iacute;\u0159\u016f a bl&aacute;zn\u016f &ndash; postrach d&eacute;mon\u016f! Po cel&eacute;m sv\u011bt\u011b zn&aacute;m&yacute; Opi\u010d&iacute; kr&aacute;l stvo\u0159en&yacute; \u010d&iacute;nsk&yacute;m liter&aacute;tem Wu \u010ccheng-enem v jeho <em>Putov&aacute;n&iacute; na z&aacute;pad<\/em> dostal na sv&yacute;ch cest&aacute;ch n&aacute;rody a epochami mnoho podob. Tu pro n&aacute;s nezapomenutelnou mu v roce 1961 dali \u010desk&aacute; p\u0159ekladatelka Zdenka Novotn&aacute;-He\u0159manov&aacute; a jeho nesmrteln&yacute; v&yacute;tvarn&yacute; pr\u016fvodce Zden\u011bk Sklen&aacute;\u0159. <em>Putov&aacute;n&iacute; na z&aacute;pad<\/em> z konce 16. stolet&iacute;, z obdob&iacute; dynastie Ming, je jedn&iacute;m z nejslavn\u011bj&scaron;&iacute;ch \u010d&iacute;nsk&yacute;ch klasick&yacute;ch rom&aacute;n\u016f. L&iacute;\u010d&iacute; p\u0159edev&scaron;&iacute;m p\u0159&iacute;b\u011bh o tom, jak opi\u010d&aacute;k Sun Wu-kchung ochra\u0148oval tchangsk&eacute;ho mnicha Tripitaku p\u0159i putov&aacute;n&iacute; do Z&aacute;padn&iacute;ho r&aacute;je pro posv&aacute;tn&eacute; s&uacute;try, jak p\u0159ekonali dev\u011btkr&aacute;t devatero nebezpe\u010denstv&iacute; a jak nakonec z&iacute;skali prav&aacute; svat&aacute; p&iacute;sma. Dobrodru\u017estv&iacute; Opi\u010d&iacute;ho kr&aacute;le a jeho p\u0159&aacute;tel jsou popul&aacute;rn&iacute; u d\u011bt&iacute; i dosp\u011bl&yacute;ch a byla zpracov&aacute;na i ve filmov&yacute;ch a televizn&iacute;ch verz&iacute;ch. Galerie Zden\u011bk Sklen&aacute;\u0159 tento nesmrteln&yacute; p\u0159&iacute;b\u011bh vydala tak&eacute; v&nbsp;podob\u011b audioknihy, namluven&eacute; na \u010dty\u0159ech disc&iacute;ch p\u0159edn&iacute;mi \u010desk&yacute;mi herci.<\/p>\n<p>CD 1 &ndash; Jak se Opi\u010d&iacute; kr&aacute;l Sun Wu-kchung stal nesmrteln&yacute;m<br \/>\nCD 2 &ndash; Jak se Opi\u010d&iacute; kr&aacute;l stal nebesk&yacute;m podkon&iacute;m<br \/>\nCD 3 &ndash; Jak se Opi\u010d&iacute; kr&aacute;l obr&aacute;til k&nbsp;lep&scaron;&iacute;mu<br \/>\nCD 4 &ndash; Jak na&scaron;i poutn&iacute;ci z&iacute;skali posv&aacute;tn&aacute; p&iacute;sma<\/p>\n<p>Osoby a obsazen&iacute;: VYPRAV\u011a\u010c: Ji\u0159&iacute; L&aacute;bus, SUN WU-KCHUNG: Martin Dejdar, TRIPITAKA: Marek Eben, \u010cUN&Iacute;K: Miroslav Vladyka, NEFRITOV&Yacute; C&Iacute;SA\u0158: Josef Somr, KUAN-JIN: Dana Batulkov&aacute;, RU&Scaron;ITEL SV\u011aTA: Ji\u0159&iacute; Schmitzer, DRA\u010c&Iacute; KR&Aacute;L: Ilja Racek, DRA\u010c&Iacute; KR&Aacute;LOVNA: Na\u010fa Konvalinkov&aacute;, C&Iacute;SA\u0158: Jaroslav Satoransk&yacute;, KN\u011aZ: Jan P\u0159eu\u010dil, BUDDHA: Luk&aacute;&scaron; Hlavica, MOUDR&Aacute; OPICE: Arno&scaron;t Goldflam, ST\u0158&Iacute;BROROH: Ji\u0159&iacute; Dvo\u0159&aacute;k, ZLATOROH: Michal Pavlata a dal&scaron;&iacute;.<\/p>\n","protected":false},"excerpt":{"rendered":"<p>Opi\u010d&iacute; kr&aacute;l &ndash; Sun Wu-kchung &ndash; magick&yacute; poutn&iacute;k krajinami srdce, zrozenec \u010d&iacute;nsk&yacute;ch vyprav\u011b\u010d\u016f, kamar&aacute;d herc\u016f, b&aacute;sn&iacute;k\u016f, mal&iacute;\u0159\u016f a bl&aacute;zn\u016f &ndash; postrach d&eacute;mon\u016f! Po cel&eacute;m sv\u011bt\u011b zn&aacute;m&yacute; Opi\u010d&iacute; kr&aacute;l stvo\u0159en&yacute; \u010d&iacute;nsk&yacute;m liter&aacute;tem Wu \u010ccheng-enem v jeho Putov&aacute;n&iacute; na z&aacute;pad dostal na sv&yacute;ch cest&aacute;ch n&aacute;rody a epochami mnoho podob. Tu pro n&aacute;s nezapomenutelnou mu v roce 1961 [&hellip;]<\/p>\n","protected":false},"featured_media":4795,"comment_status":"closed","ping_status":"open","template":"","meta":{"_acf_changed":false},"product_brand":[],"product_cat":[35,22,36,34,31,33],"product_tag":[],"class_list":{"0":"post-4794","1":"product","2":"type-product","3":"status-publish","4":"has-post-thumbnail","6":"product_cat-aktualni-dila-k-prodeji","7":"product_cat-audioknihy","8":"product_cat-fineart","9":"product_cat-graficke-listy","10":"product_cat-pro-deti","11":"product_cat-umelecka-dila","13":"first","14":"instock","15":"purchasable","16":"product-type-simple"},"acf":[],"_links":{"self":[{"href":"https:\/\/galeriesklenar.devwp.cz\/en\/wp-json\/wp\/v2\/product\/4794","targetHints":{"allow":["GET"]}}],"collection":[{"href":"https:\/\/galeriesklenar.devwp.cz\/en\/wp-json\/wp\/v2\/product"}],"about":[{"href":"https:\/\/galeriesklenar.devwp.cz\/en\/wp-json\/wp\/v2\/types\/product"}],"replies":[{"embeddable":true,"href":"https:\/\/galeriesklenar.devwp.cz\/en\/wp-json\/wp\/v2\/comments?post=4794"}],"wp:featuredmedia":[{"embeddable":true,"href":"https:\/\/galeriesklenar.devwp.cz\/en\/wp-json\/wp\/v2\/media\/4795"}],"wp:attachment":[{"href":"https:\/\/galeriesklenar.devwp.cz\/en\/wp-json\/wp\/v2\/media?parent=4794"}],"wp:term":[{"taxonomy":"product_brand","embeddable":true,"href":"https:\/\/galeriesklenar.devwp.cz\/en\/wp-json\/wp\/v2\/product_brand?post=4794"},{"taxonomy":"product_cat","embeddable":true,"href":"https:\/\/galeriesklenar.devwp.cz\/en\/wp-json\/wp\/v2\/product_cat?post=4794"},{"taxonomy":"product_tag","embeddable":true,"href":"https:\/\/galeriesklenar.devwp.cz\/en\/wp-json\/wp\/v2\/product_tag?post=4794"}],"curies":[{"name":"wp","href":"https:\/\/api.w.org\/{rel}","templated":true}]}}