{"id":4800,"date":"2024-03-15T15:51:52","date_gmt":"2024-03-15T15:51:52","guid":{"rendered":"https:\/\/galeriesklenar.devwp.cz\/product\/sima-reynek-bostik\/"},"modified":"2024-03-15T15:52:10","modified_gmt":"2024-03-15T15:52:10","slug":"sima-reynek-bostik","status":"publish","type":"product","link":"https:\/\/galeriesklenar.devwp.cz\/en\/product\/sima-reynek-bostik\/","title":{"rendered":"\u0160\u00edma \u2013 Reynek \u2013 Bo\u0161t\u00edk"},"content":{"rendered":"<div>Plak&aacute;t vydan&yacute; u p\u0159&iacute;le\u017eitosti stejnojmenn&eacute; v&yacute;stavy <a href=\"https:\/\/www.zdeneksklenar.cz\/vystavy\/34-sima--reynek--bostik\"><em>&Scaron;&iacute;ma &ndash; Reynek &ndash; Bo&scaron;t&iacute;k<\/em><\/a>,&nbsp; konan&eacute; od&nbsp; 22. 1. do 2. 4. 2017 v Galerii Zden\u011bk Sklen&aacute;\u0159, Mari&aacute;nsk&aacute; 1097, Litomy&scaron;l.<\/div>\n<p>N&aacute;zev: &nbsp;&Scaron;&iacute;ma &ndash; Reynek &ndash; Bo&scaron;t&iacute;k<br \/>\nGrafick&aacute; &uacute;prava: Zden\u011bk Ziegler<br \/>\nPopis: ofsetov&yacute; tisk<br \/>\nRozm\u011bry:&nbsp;83 x 59,5 cm<br \/>\nVydavatel: Galerie Zden\u011bk Sklen&aacute;\u0159<br \/>\nRok vyd&aacute;n&iacute;: 2017<br \/>\nN&aacute;klad: 200 ks<\/p>\n","protected":false},"excerpt":{"rendered":"<p>Plak&aacute;t vydan&yacute; u p\u0159&iacute;le\u017eitosti stejnojmenn&eacute; v&yacute;stavy &Scaron;&iacute;ma &ndash; Reynek &ndash; Bo&scaron;t&iacute;k,&nbsp; konan&eacute; od&nbsp; 22. 1. do 2. 4. 2017 v Galerii Zden\u011bk Sklen&aacute;\u0159, Mari&aacute;nsk&aacute; 1097, Litomy&scaron;l. N&aacute;zev: &nbsp;&Scaron;&iacute;ma &ndash; Reynek &ndash; Bo&scaron;t&iacute;k Grafick&aacute; &uacute;prava: Zden\u011bk Ziegler Popis: ofsetov&yacute; tisk Rozm\u011bry:&nbsp;83 x 59,5 cm Vydavatel: Galerie Zden\u011bk Sklen&aacute;\u0159 Rok vyd&aacute;n&iacute;: 2017 N&aacute;klad: 200 ks<\/p>\n","protected":false},"featured_media":4801,"comment_status":"closed","ping_status":"open","template":"","meta":{"_acf_changed":false},"product_brand":[],"product_cat":[21,30],"product_tag":[],"class_list":{"0":"post-4800","1":"product","2":"type-product","3":"status-publish","4":"has-post-thumbnail","6":"product_cat-uncategorized","7":"product_cat-plakaty","9":"first","10":"instock","11":"purchasable","12":"product-type-simple"},"acf":[],"_links":{"self":[{"href":"https:\/\/galeriesklenar.devwp.cz\/en\/wp-json\/wp\/v2\/product\/4800","targetHints":{"allow":["GET"]}}],"collection":[{"href":"https:\/\/galeriesklenar.devwp.cz\/en\/wp-json\/wp\/v2\/product"}],"about":[{"href":"https:\/\/galeriesklenar.devwp.cz\/en\/wp-json\/wp\/v2\/types\/product"}],"replies":[{"embeddable":true,"href":"https:\/\/galeriesklenar.devwp.cz\/en\/wp-json\/wp\/v2\/comments?post=4800"}],"wp:featuredmedia":[{"embeddable":true,"href":"https:\/\/galeriesklenar.devwp.cz\/en\/wp-json\/wp\/v2\/media\/4801"}],"wp:attachment":[{"href":"https:\/\/galeriesklenar.devwp.cz\/en\/wp-json\/wp\/v2\/media?parent=4800"}],"wp:term":[{"taxonomy":"product_brand","embeddable":true,"href":"https:\/\/galeriesklenar.devwp.cz\/en\/wp-json\/wp\/v2\/product_brand?post=4800"},{"taxonomy":"product_cat","embeddable":true,"href":"https:\/\/galeriesklenar.devwp.cz\/en\/wp-json\/wp\/v2\/product_cat?post=4800"},{"taxonomy":"product_tag","embeddable":true,"href":"https:\/\/galeriesklenar.devwp.cz\/en\/wp-json\/wp\/v2\/product_tag?post=4800"}],"curies":[{"name":"wp","href":"https:\/\/api.w.org\/{rel}","templated":true}]}}