{"id":4806,"date":"2024-03-15T15:51:52","date_gmt":"2024-03-15T15:51:52","guid":{"rendered":"https:\/\/galeriesklenar.devwp.cz\/product\/zdenek-sykora-97-graficke-listy-1993-2011-z-edice-galerie-zdenek-sklenar-2\/"},"modified":"2024-03-15T15:52:11","modified_gmt":"2024-03-15T15:52:11","slug":"zdenek-sykora-97-graficke-listy-1993-2011-z-edice-galerie-zdenek-sklenar-2","status":"publish","type":"product","link":"https:\/\/galeriesklenar.devwp.cz\/en\/product\/zdenek-sykora-97-graficke-listy-1993-2011-z-edice-galerie-zdenek-sklenar-2\/","title":{"rendered":"Zden\u011bk S\u00fdkora 97\u2013 Grafick\u00e9 listy 1993\u20132011 z Edice Galerie Zden\u011bk Sklen\u00e1\u0159"},"content":{"rendered":"<p>Plak&aacute;t vydan&yacute; u p\u0159&iacute;le\u017eitosti stejnojmenn&eacute; v&yacute;stavy <a href=\"https:\/\/www.zdeneksklenar.cz\/vystavy\/39-zdenek-sykora-97-\"><em>Zden\u011bk S&yacute;kora 97 &ndash; Grafick&eacute; listy 1993&ndash;2011 z Edice Galerie Zden\u011bk Sklen&aacute;\u0159<\/em><\/a>, konan&eacute; od 31. 5. do 2. 9. 2017 v Galerii&nbsp; Zden\u011bk Sklen&aacute;\u0159, Salv&aacute;torsk&aacute; 6, Praha.<\/p>\n<p>\nN&aacute;zev: Zden\u011bk S&yacute;kora 97&ndash; Grafick&eacute; listy 1993 &ndash; 2011 z Edice Galerie Zden\u011bk Sklen&aacute;\u0159<br \/>\nGrafick&aacute; &uacute;prava: Zden\u011bk Ziegler<br \/>\nPopis: ofsetov&yacute; tisk<br \/>\nRozm\u011bry:&nbsp;100 x 70 cm<br \/>\nVydavatel: Galerie Zden\u011bk Sklen&aacute;\u0159<br \/>\nRok vyd&aacute;n&iacute;: 2017<br \/>\nN&aacute;klad: 100 ks<\/p>\n","protected":false},"excerpt":{"rendered":"<p>Plak&aacute;t vydan&yacute; u p\u0159&iacute;le\u017eitosti stejnojmenn&eacute; v&yacute;stavy Zden\u011bk S&yacute;kora 97 &ndash; Grafick&eacute; listy 1993&ndash;2011 z Edice Galerie Zden\u011bk Sklen&aacute;\u0159, konan&eacute; od 31. 5. do 2. 9. 2017 v Galerii&nbsp; Zden\u011bk Sklen&aacute;\u0159, Salv&aacute;torsk&aacute; 6, Praha. N&aacute;zev: Zden\u011bk S&yacute;kora 97&ndash; Grafick&eacute; listy 1993 &ndash; 2011 z Edice Galerie Zden\u011bk Sklen&aacute;\u0159 Grafick&aacute; &uacute;prava: Zden\u011bk Ziegler Popis: ofsetov&yacute; tisk Rozm\u011bry:&nbsp;100 [&hellip;]<\/p>\n","protected":false},"featured_media":4807,"comment_status":"closed","ping_status":"open","template":"","meta":{"_acf_changed":false},"product_brand":[],"product_cat":[21,30],"product_tag":[],"class_list":{"0":"post-4806","1":"product","2":"type-product","3":"status-publish","4":"has-post-thumbnail","6":"product_cat-uncategorized","7":"product_cat-plakaty","9":"first","10":"instock","11":"purchasable","12":"product-type-simple"},"acf":[],"_links":{"self":[{"href":"https:\/\/galeriesklenar.devwp.cz\/en\/wp-json\/wp\/v2\/product\/4806","targetHints":{"allow":["GET"]}}],"collection":[{"href":"https:\/\/galeriesklenar.devwp.cz\/en\/wp-json\/wp\/v2\/product"}],"about":[{"href":"https:\/\/galeriesklenar.devwp.cz\/en\/wp-json\/wp\/v2\/types\/product"}],"replies":[{"embeddable":true,"href":"https:\/\/galeriesklenar.devwp.cz\/en\/wp-json\/wp\/v2\/comments?post=4806"}],"wp:featuredmedia":[{"embeddable":true,"href":"https:\/\/galeriesklenar.devwp.cz\/en\/wp-json\/wp\/v2\/media\/4807"}],"wp:attachment":[{"href":"https:\/\/galeriesklenar.devwp.cz\/en\/wp-json\/wp\/v2\/media?parent=4806"}],"wp:term":[{"taxonomy":"product_brand","embeddable":true,"href":"https:\/\/galeriesklenar.devwp.cz\/en\/wp-json\/wp\/v2\/product_brand?post=4806"},{"taxonomy":"product_cat","embeddable":true,"href":"https:\/\/galeriesklenar.devwp.cz\/en\/wp-json\/wp\/v2\/product_cat?post=4806"},{"taxonomy":"product_tag","embeddable":true,"href":"https:\/\/galeriesklenar.devwp.cz\/en\/wp-json\/wp\/v2\/product_tag?post=4806"}],"curies":[{"name":"wp","href":"https:\/\/api.w.org\/{rel}","templated":true}]}}