{"id":4985,"date":"2024-03-15T15:53:23","date_gmt":"2024-03-15T15:53:23","guid":{"rendered":"https:\/\/galeriesklenar.devwp.cz\/product\/zdenek-sykora-obrazy-a-partitury-z-let-1994-1998\/"},"modified":"2024-03-15T15:53:25","modified_gmt":"2024-03-15T15:53:25","slug":"zdenek-sykora-obrazy-a-partitury-z-let-1994-1998","status":"publish","type":"product","link":"https:\/\/galeriesklenar.devwp.cz\/en\/product\/zdenek-sykora-obrazy-a-partitury-z-let-1994-1998\/","title":{"rendered":"Zden\u011bk S\u00fdkora \u2013 Obrazy a partitury z let 1994\u20131998"},"content":{"rendered":"<p>Plak&aacute;t vydan&yacute; u p\u0159&iacute;le\u017eitosti stejnojmenn&eacute; v&yacute;stavy <a href=\"https:\/\/www.zdeneksklenar.cz\/vystavy\/280-zdenek-sykora\"><em>Zden\u011bk S&yacute;kora &ndash; Obrazy a partitury z let 1994&ndash;1998<\/em><\/a>, konan&eacute; od 28. 6. do 23. 8. 1998, St&aacute;tn&iacute; z&aacute;mek Litomy&scaron;l.<\/p>\n<p>\nN&aacute;zev: Zden\u011bk S&yacute;kora &ndash; Obrazy a partitury z let 1994&ndash;1998<br \/>\nGrafick&aacute; &uacute;prava: Zden\u011bk Ziegler<br \/>\nPopis: serigrafie, signov&aacute;no Zde\u0148kem S&yacute;korou<br \/>\nRozm\u011bry: 100 x 70 cm<br \/>\nVydavatel: Galerie Zden\u011bk Sklen&aacute;\u0159<br \/>\nRok vyd&aacute;n&iacute;: 1998<br \/>\nN&aacute;klad: 100 ks<\/p>\n","protected":false},"excerpt":{"rendered":"<p>Plak&aacute;t vydan&yacute; u p\u0159&iacute;le\u017eitosti stejnojmenn&eacute; v&yacute;stavy Zden\u011bk S&yacute;kora &ndash; Obrazy a partitury z let 1994&ndash;1998, konan&eacute; od 28. 6. do 23. 8. 1998, St&aacute;tn&iacute; z&aacute;mek Litomy&scaron;l. N&aacute;zev: Zden\u011bk S&yacute;kora &ndash; Obrazy a partitury z let 1994&ndash;1998 Grafick&aacute; &uacute;prava: Zden\u011bk Ziegler Popis: serigrafie, signov&aacute;no Zde\u0148kem S&yacute;korou Rozm\u011bry: 100 x 70 cm Vydavatel: Galerie Zden\u011bk Sklen&aacute;\u0159 Rok [&hellip;]<\/p>\n","protected":false},"featured_media":4986,"comment_status":"closed","ping_status":"open","template":"","meta":{"_acf_changed":false},"product_brand":[],"product_cat":[21,30,62],"product_tag":[],"class_list":{"0":"post-4985","1":"product","2":"type-product","3":"status-publish","4":"has-post-thumbnail","6":"product_cat-uncategorized","7":"product_cat-plakaty","8":"product_cat-uncategorized-2","10":"first","11":"instock","12":"purchasable","13":"product-type-simple"},"acf":[],"_links":{"self":[{"href":"https:\/\/galeriesklenar.devwp.cz\/en\/wp-json\/wp\/v2\/product\/4985","targetHints":{"allow":["GET"]}}],"collection":[{"href":"https:\/\/galeriesklenar.devwp.cz\/en\/wp-json\/wp\/v2\/product"}],"about":[{"href":"https:\/\/galeriesklenar.devwp.cz\/en\/wp-json\/wp\/v2\/types\/product"}],"replies":[{"embeddable":true,"href":"https:\/\/galeriesklenar.devwp.cz\/en\/wp-json\/wp\/v2\/comments?post=4985"}],"wp:featuredmedia":[{"embeddable":true,"href":"https:\/\/galeriesklenar.devwp.cz\/en\/wp-json\/wp\/v2\/media\/4986"}],"wp:attachment":[{"href":"https:\/\/galeriesklenar.devwp.cz\/en\/wp-json\/wp\/v2\/media?parent=4985"}],"wp:term":[{"taxonomy":"product_brand","embeddable":true,"href":"https:\/\/galeriesklenar.devwp.cz\/en\/wp-json\/wp\/v2\/product_brand?post=4985"},{"taxonomy":"product_cat","embeddable":true,"href":"https:\/\/galeriesklenar.devwp.cz\/en\/wp-json\/wp\/v2\/product_cat?post=4985"},{"taxonomy":"product_tag","embeddable":true,"href":"https:\/\/galeriesklenar.devwp.cz\/en\/wp-json\/wp\/v2\/product_tag?post=4985"}],"curies":[{"name":"wp","href":"https:\/\/api.w.org\/{rel}","templated":true}]}}