{"id":5074,"date":"2024-03-15T15:53:37","date_gmt":"2024-03-15T15:53:37","guid":{"rendered":"https:\/\/galeriesklenar.devwp.cz\/product\/jan-merta-70-umelce-30-tramvajaka\/"},"modified":"2024-03-15T15:53:58","modified_gmt":"2024-03-15T15:53:58","slug":"jan-merta-70-umelce-30-tramvajaka","status":"publish","type":"product","link":"https:\/\/galeriesklenar.devwp.cz\/en\/product\/jan-merta-70-umelce-30-tramvajaka\/","title":{"rendered":"Jan Merta  \u2013 70 % um\u011blce, 30 % tramvaj\u00e1ka"},"content":{"rendered":"<p>Plak&aacute;t vydan&yacute; u p\u0159&iacute;le\u017eitosti stejnojmenn&eacute; v&yacute;stavy &bdquo;<a href=\"http:\/\/zdeneksklenar.cz\/vystavy\/301-jan-merta-\">Jan Merta &ndash; 70 % um\u011blce, 30 % tramvaj&aacute;ka<\/a>&ldquo;, konan&eacute; od 5. 12. 2018 do 26. 1. 2019 v&nbsp;Galerii Zden\u011bk Sklen&aacute;\u0159 &ndash; Sch&ouml;nkirchovsk&yacute; pal&aacute;c, Praha.<br \/>\n&nbsp;<\/p>\n<p>N&aacute;zev: Jan Merta &ndash; 70 % um\u011blce, 30 % tramvaj&aacute;ka<br \/>\nGrafick&aacute; &uacute;prava: Jan Merta, Lenka Jasansk&aacute;<br \/>\nPopis: serigrafie, \u010d&iacute;slov&aacute;no 1\/50&ndash;50\/50 a signov&aacute;no Janem Mertou<br \/>\nRozm\u011bry: 84 x 59 cm<br \/>\nVydavatel: Galerie Zden\u011bk Sklen&aacute;\u0159<br \/>\nRok vyd&aacute;n&iacute;: 2018<br \/>\nN&aacute;klad: 50 ks<\/p>\n","protected":false},"excerpt":{"rendered":"<p>Plak&aacute;t vydan&yacute; u p\u0159&iacute;le\u017eitosti stejnojmenn&eacute; v&yacute;stavy &bdquo;Jan Merta &ndash; 70 % um\u011blce, 30 % tramvaj&aacute;ka&ldquo;, konan&eacute; od 5. 12. 2018 do 26. 1. 2019 v&nbsp;Galerii Zden\u011bk Sklen&aacute;\u0159 &ndash; Sch&ouml;nkirchovsk&yacute; pal&aacute;c, Praha. &nbsp; N&aacute;zev: Jan Merta &ndash; 70 % um\u011blce, 30 % tramvaj&aacute;ka Grafick&aacute; &uacute;prava: Jan Merta, Lenka Jasansk&aacute; Popis: serigrafie, \u010d&iacute;slov&aacute;no 1\/50&ndash;50\/50 a signov&aacute;no Janem [&hellip;]<\/p>\n","protected":false},"featured_media":5075,"comment_status":"closed","ping_status":"open","template":"","meta":{"_acf_changed":false},"product_brand":[],"product_cat":[21,30,62],"product_tag":[],"class_list":{"0":"post-5074","1":"product","2":"type-product","3":"status-publish","4":"has-post-thumbnail","6":"product_cat-uncategorized","7":"product_cat-plakaty","8":"product_cat-uncategorized-2","10":"first","11":"instock","12":"purchasable","13":"product-type-simple"},"acf":[],"_links":{"self":[{"href":"https:\/\/galeriesklenar.devwp.cz\/en\/wp-json\/wp\/v2\/product\/5074","targetHints":{"allow":["GET"]}}],"collection":[{"href":"https:\/\/galeriesklenar.devwp.cz\/en\/wp-json\/wp\/v2\/product"}],"about":[{"href":"https:\/\/galeriesklenar.devwp.cz\/en\/wp-json\/wp\/v2\/types\/product"}],"replies":[{"embeddable":true,"href":"https:\/\/galeriesklenar.devwp.cz\/en\/wp-json\/wp\/v2\/comments?post=5074"}],"wp:featuredmedia":[{"embeddable":true,"href":"https:\/\/galeriesklenar.devwp.cz\/en\/wp-json\/wp\/v2\/media\/5075"}],"wp:attachment":[{"href":"https:\/\/galeriesklenar.devwp.cz\/en\/wp-json\/wp\/v2\/media?parent=5074"}],"wp:term":[{"taxonomy":"product_brand","embeddable":true,"href":"https:\/\/galeriesklenar.devwp.cz\/en\/wp-json\/wp\/v2\/product_brand?post=5074"},{"taxonomy":"product_cat","embeddable":true,"href":"https:\/\/galeriesklenar.devwp.cz\/en\/wp-json\/wp\/v2\/product_cat?post=5074"},{"taxonomy":"product_tag","embeddable":true,"href":"https:\/\/galeriesklenar.devwp.cz\/en\/wp-json\/wp\/v2\/product_tag?post=5074"}],"curies":[{"name":"wp","href":"https:\/\/api.w.org\/{rel}","templated":true}]}}