{"id":5160,"date":"2024-03-15T15:54:24","date_gmt":"2024-03-15T15:54:24","guid":{"rendered":"https:\/\/galeriesklenar.devwp.cz\/product\/mahulena-neslehova-bohumil-kubista-grafika\/"},"modified":"2024-03-15T15:54:30","modified_gmt":"2024-03-15T15:54:30","slug":"mahulena-neslehova-bohumil-kubista-grafika","status":"publish","type":"product","link":"https:\/\/galeriesklenar.devwp.cz\/en\/product\/mahulena-neslehova-bohumil-kubista-grafika\/","title":{"rendered":"Mahulena Ne\u0161lehov\u00e1: Bohumil Kubi\u0161ta \u2013 grafika"},"content":{"rendered":"<p>U p\u0159&iacute;le\u017eitosti prvn&iacute; souborn&eacute; v&yacute;stavy Kubi&scaron;tova grafick&eacute;ho d&iacute;la uspo\u0159&aacute;dan&eacute; v roce 130. v&yacute;ro\u010d&iacute; jeho narozen&iacute; vy&scaron;la reprezentativn&iacute; monografie <em>Bohumil Kubi&scaron;ta &ndash; grafika<\/em>. Jej&iacute; autorka Mahulena Ne&scaron;lehov&aacute; v&nbsp;n&iacute; skl&aacute;d&aacute; hold Kubi&scaron;tov\u011b grafick&eacute; tvorb\u011b, kter&aacute; st&aacute;la v\u017edy ve st&iacute;nu jeho d\u011bl mal&iacute;\u0159sk&yacute;ch a kresl&iacute;\u0159sk&yacute;ch, a chce alespo\u0148 z\u010d&aacute;sti splatit dluh, kter&yacute; jsme v\u016f\u010di t&eacute;to \u010d&aacute;sti um\u011blcov&yacute;ch snah a c&iacute;l\u016f m\u011bli. Kniha p\u0159edstavuje v&scaron;echna zn&aacute;m&aacute; i m&eacute;n\u011b zn&aacute;m&aacute; grafick&aacute; d&iacute;la vznikl&aacute; v letech 1904&ndash;1918 v\u010detn\u011b dvou t&eacute;m\u011b\u0159 nezn&aacute;m&yacute;ch list\u016f; nechyb&iacute; n\u011bkolik verz&iacute; autorsk&yacute;ch zku&scaron;ebn&iacute;ch a fin&aacute;ln&iacute;ch tisk\u016f ani uk&aacute;zka p\u0159&iacute;pravn&yacute;ch kreseb.<\/p>\n<p>Publikace p\u0159in&aacute;&scaron;&iacute; nejen aktualizovan&eacute; biografick&eacute; a bibliografick&eacute; &uacute;daje, ale i \u0159adu nov&yacute;ch poznatk\u016f, up\u0159es\u0148uje vro\u010den&iacute; n\u011bkter&yacute;ch d\u011bl a poprv&eacute; v ucelenosti a v r&aacute;mci dobov&yacute;ch a historick&yacute;ch souvislost&iacute; zhodnocuje Kubi&scaron;tovu grafickou tvorbu. Ned&iacute;lnou sou\u010d&aacute;st&iacute; je katalog sedmadvaceti tisk\u016f a jedn&eacute; matrice. Obrazov\u011b je kniha v &uacute;prav\u011b Zde\u0148ka Zieglera vystav\u011bna na detailech, kter&eacute; \u010dten&aacute;\u0159e sv&yacute;m zv\u011bt&scaron;en&iacute;m vtahuj&iacute; do dramatu d\u011bl a jejich techniky a umo\u017e\u0148uj&iacute; pochopit a pro\u017e&iacute;t specifick&yacute; &bdquo;nerv&ldquo; Kubi&scaron;tova grafick&eacute;ho d&iacute;la. Monografie vznikla ve spolupr&aacute;ci s&nbsp;&Uacute;stavem d\u011bjin um\u011bn&iacute; AV \u010cR v.v.i.<\/p>\n<p>Prvn&iacute; souborn&aacute; <a href=\"https:\/\/www.zdeneksklenar.cz\/vystavy\/85-bohumil-kubista-130--grafika-\">v&yacute;stava<\/a> Kubi&scaron;tova grafick&eacute;ho d&iacute;la prob\u011bhla pod stejn&yacute;m n&aacute;zvem ve dnech 10. 9. &ndash; 12. 10. 2014 v Galerii Zden\u011bk Sklen&aacute;\u0159 v&nbsp;Praze.<\/p>\n","protected":false},"excerpt":{"rendered":"<p>U p\u0159&iacute;le\u017eitosti prvn&iacute; souborn&eacute; v&yacute;stavy Kubi&scaron;tova grafick&eacute;ho d&iacute;la uspo\u0159&aacute;dan&eacute; v roce 130. v&yacute;ro\u010d&iacute; jeho narozen&iacute; vy&scaron;la reprezentativn&iacute; monografie Bohumil Kubi&scaron;ta &ndash; grafika. Jej&iacute; autorka Mahulena Ne&scaron;lehov&aacute; v&nbsp;n&iacute; skl&aacute;d&aacute; hold Kubi&scaron;tov\u011b grafick&eacute; tvorb\u011b, kter&aacute; st&aacute;la v\u017edy ve st&iacute;nu jeho d\u011bl mal&iacute;\u0159sk&yacute;ch a kresl&iacute;\u0159sk&yacute;ch, a chce alespo\u0148 z\u010d&aacute;sti splatit dluh, kter&yacute; jsme v\u016f\u010di t&eacute;to \u010d&aacute;sti um\u011blcov&yacute;ch snah [&hellip;]<\/p>\n","protected":false},"featured_media":5161,"comment_status":"closed","ping_status":"open","template":"","meta":{"_acf_changed":false},"product_brand":[],"product_cat":[21,29],"product_tag":[],"class_list":{"0":"post-5160","1":"product","2":"type-product","3":"status-publish","4":"has-post-thumbnail","6":"product_cat-uncategorized","7":"product_cat-monografie","9":"first","10":"instock","11":"purchasable","12":"product-type-simple"},"acf":[],"_links":{"self":[{"href":"https:\/\/galeriesklenar.devwp.cz\/en\/wp-json\/wp\/v2\/product\/5160","targetHints":{"allow":["GET"]}}],"collection":[{"href":"https:\/\/galeriesklenar.devwp.cz\/en\/wp-json\/wp\/v2\/product"}],"about":[{"href":"https:\/\/galeriesklenar.devwp.cz\/en\/wp-json\/wp\/v2\/types\/product"}],"replies":[{"embeddable":true,"href":"https:\/\/galeriesklenar.devwp.cz\/en\/wp-json\/wp\/v2\/comments?post=5160"}],"wp:featuredmedia":[{"embeddable":true,"href":"https:\/\/galeriesklenar.devwp.cz\/en\/wp-json\/wp\/v2\/media\/5161"}],"wp:attachment":[{"href":"https:\/\/galeriesklenar.devwp.cz\/en\/wp-json\/wp\/v2\/media?parent=5160"}],"wp:term":[{"taxonomy":"product_brand","embeddable":true,"href":"https:\/\/galeriesklenar.devwp.cz\/en\/wp-json\/wp\/v2\/product_brand?post=5160"},{"taxonomy":"product_cat","embeddable":true,"href":"https:\/\/galeriesklenar.devwp.cz\/en\/wp-json\/wp\/v2\/product_cat?post=5160"},{"taxonomy":"product_tag","embeddable":true,"href":"https:\/\/galeriesklenar.devwp.cz\/en\/wp-json\/wp\/v2\/product_tag?post=5160"}],"curies":[{"name":"wp","href":"https:\/\/api.w.org\/{rel}","templated":true}]}}