{"id":5171,"date":"2024-03-15T15:54:24","date_gmt":"2024-03-15T15:54:24","guid":{"rendered":"https:\/\/galeriesklenar.devwp.cz\/product\/zdenek-sklenar-vzpominani\/"},"modified":"2024-03-15T15:54:34","modified_gmt":"2024-03-15T15:54:34","slug":"zdenek-sklenar-vzpominani","status":"publish","type":"product","link":"https:\/\/galeriesklenar.devwp.cz\/en\/product\/zdenek-sklenar-vzpominani\/","title":{"rendered":"Zden\u011bk Sklen\u00e1\u0159: Vzpom\u00edn\u00e1n\u00ed"},"content":{"rendered":"<p>Nev&scaron;edn&iacute; pam\u011bti Zde\u0148ka Sklen&aacute;\u0159e (1910&ndash;1986), jednoho z&nbsp;nejv\u011bt&scaron;&iacute;ch \u010desk&yacute;ch mal&iacute;\u0159\u016f druh&eacute; poloviny 20. stolet&iacute;. Autor v&nbsp;knize zaznamenal setk&aacute;n&iacute; s&nbsp;mnoha v&yacute;jime\u010dn&yacute;mi osobnostmi, vzpom&iacute;nky na rodinu i p\u0159&aacute;tel&eacute; a cel&yacute; sv\u016fj \u017eivot.&nbsp;Kniha vy&scaron;la po v&iacute;ce ne\u017e dvacetilet&eacute;m \u010dek&aacute;n&iacute;. Mal&iacute;\u0159 se jej&iacute;mu psan&iacute; v\u011bnoval od roku 1980, kdy z&nbsp;vlastn&iacute;ho rozhodnut&iacute; ukon\u010dil sv&eacute; mal&iacute;\u0159sk&eacute; d&iacute;lo. Po jeho ne\u010dekan&eacute; smrti v&nbsp;dubnu 1986 se rukopisu ujal Sklen&aacute;\u0159\u016fv p\u0159&iacute;tel Ji\u0159&iacute; &Scaron;etl&iacute;k, kter&yacute; jej uspo\u0159&aacute;dal a p\u0159ipravil k&nbsp;vyd&aacute;n&iacute; v&nbsp;nakladatelstv&iacute; Odeon. Na za\u010d&aacute;tku 90. let v&scaron;ak Odeon zanikl a Vzpom&iacute;n&aacute;n&iacute; bylo jedn&iacute;m z&nbsp;titul\u016f, kter&eacute; se ji\u017e nepoda\u0159ilo vydat. U p\u0159&iacute;le\u017eitosti v&yacute;stavy <a href=\"https:\/\/www.zdeneksklenar.cz\/vystavy\/252-zdenek-sklenar--deset-tisic-veci-deset-tisic-let-?artist=41\">Zden\u011bk Sklen&aacute;\u0159 \/ Deset tis&iacute;c v\u011bc&iacute; &ndash; deset tis&iacute;c let<\/a> uspo\u0159&aacute;dan&eacute; v&nbsp;roce 100. v&yacute;ro\u010d&iacute; mal&iacute;\u0159ova narozen&iacute; v&nbsp;Dom\u011b U Kamenn&eacute;ho zvonu v&nbsp;Praze ve dnech 17. 3. &ndash; 6. 6. 2010 ji vydal mal&iacute;\u0159\u016fv synovec a jmenovec, galerista Zden\u011bk Sklen&aacute;\u0159. Koncepc&iacute; i form&aacute;tem kniha respektuje p\u016fvodn&iacute; odeonskou &uacute;pravu, jej&iacute;m\u017e autorem byl Josef T&yacute;fa. Pro vyd&aacute;n&iacute; Galeri&iacute; Zden\u011bk Sklen&aacute;\u0159 byla dopln\u011bna o torzo &bdquo;indick&eacute;&ldquo; kapitoly nalezen&eacute; ve Sklen&aacute;\u0159ov\u011b poz\u016fstalosti a na z&aacute;klad\u011b autorovy p\u016fvodn&iacute; koncepce byl tak&eacute; roz&scaron;&iacute;\u0159en jej&iacute; obrazov&yacute; doprovod. Odborn&yacute;m recenzentem byl Anton&iacute;n Hartmann.<\/p>\n<p>Zvl&aacute;&scaron;tn&iacute; pod\u011bkov&aacute;n&iacute; za spolupr&aacute;ci na dokon\u010den&iacute; knihy n&aacute;le\u017e&iacute; mal&iacute;\u0159ov\u011b man\u017eelce, pan&iacute; Miloslav\u011b Sklen&aacute;\u0159ov&eacute;, in memoriam.<\/p>\n","protected":false},"excerpt":{"rendered":"<p>Nev&scaron;edn&iacute; pam\u011bti Zde\u0148ka Sklen&aacute;\u0159e (1910&ndash;1986), jednoho z&nbsp;nejv\u011bt&scaron;&iacute;ch \u010desk&yacute;ch mal&iacute;\u0159\u016f druh&eacute; poloviny 20. stolet&iacute;. Autor v&nbsp;knize zaznamenal setk&aacute;n&iacute; s&nbsp;mnoha v&yacute;jime\u010dn&yacute;mi osobnostmi, vzpom&iacute;nky na rodinu i p\u0159&aacute;tel&eacute; a cel&yacute; sv\u016fj \u017eivot.&nbsp;Kniha vy&scaron;la po v&iacute;ce ne\u017e dvacetilet&eacute;m \u010dek&aacute;n&iacute;. Mal&iacute;\u0159 se jej&iacute;mu psan&iacute; v\u011bnoval od roku 1980, kdy z&nbsp;vlastn&iacute;ho rozhodnut&iacute; ukon\u010dil sv&eacute; mal&iacute;\u0159sk&eacute; d&iacute;lo. Po jeho ne\u010dekan&eacute; smrti v&nbsp;dubnu [&hellip;]<\/p>\n","protected":false},"featured_media":5172,"comment_status":"closed","ping_status":"open","template":"","meta":{"_acf_changed":false},"product_brand":[],"product_cat":[21,28],"product_tag":[],"class_list":{"0":"post-5171","1":"product","2":"type-product","3":"status-publish","4":"has-post-thumbnail","6":"product_cat-uncategorized","7":"product_cat-krasne-knihy","9":"first","10":"instock","11":"purchasable","12":"product-type-simple"},"acf":[],"_links":{"self":[{"href":"https:\/\/galeriesklenar.devwp.cz\/en\/wp-json\/wp\/v2\/product\/5171","targetHints":{"allow":["GET"]}}],"collection":[{"href":"https:\/\/galeriesklenar.devwp.cz\/en\/wp-json\/wp\/v2\/product"}],"about":[{"href":"https:\/\/galeriesklenar.devwp.cz\/en\/wp-json\/wp\/v2\/types\/product"}],"replies":[{"embeddable":true,"href":"https:\/\/galeriesklenar.devwp.cz\/en\/wp-json\/wp\/v2\/comments?post=5171"}],"wp:featuredmedia":[{"embeddable":true,"href":"https:\/\/galeriesklenar.devwp.cz\/en\/wp-json\/wp\/v2\/media\/5172"}],"wp:attachment":[{"href":"https:\/\/galeriesklenar.devwp.cz\/en\/wp-json\/wp\/v2\/media?parent=5171"}],"wp:term":[{"taxonomy":"product_brand","embeddable":true,"href":"https:\/\/galeriesklenar.devwp.cz\/en\/wp-json\/wp\/v2\/product_brand?post=5171"},{"taxonomy":"product_cat","embeddable":true,"href":"https:\/\/galeriesklenar.devwp.cz\/en\/wp-json\/wp\/v2\/product_cat?post=5171"},{"taxonomy":"product_tag","embeddable":true,"href":"https:\/\/galeriesklenar.devwp.cz\/en\/wp-json\/wp\/v2\/product_tag?post=5171"}],"curies":[{"name":"wp","href":"https:\/\/api.w.org\/{rel}","templated":true}]}}