{"id":5424,"date":"2024-03-15T15:56:31","date_gmt":"2024-03-15T15:56:31","guid":{"rendered":"https:\/\/galeriesklenar.devwp.cz\/product\/opici-kral-zdenka-sklenare-sklenarovy-kolorovanky\/"},"modified":"2024-03-15T15:56:31","modified_gmt":"2024-03-15T15:56:31","slug":"opici-kral-zdenka-sklenare-sklenarovy-kolorovanky","status":"publish","type":"product","link":"https:\/\/galeriesklenar.devwp.cz\/en\/product\/opici-kral-zdenka-sklenare-sklenarovy-kolorovanky\/","title":{"rendered":"Opi\u010d\u00ed kr\u00e1l Zde\u0148ka Sklen\u00e1\u0159e \/ Sklen\u00e1\u0159ovy kolorov\u00e1nky"},"content":{"rendered":"<p>Sklen&aacute;\u0159\u016fv Opi\u010d&iacute; kr&aacute;l reprezentoval \u010ceskou republiku na V&scaron;eobecn&eacute; sv\u011btov&eacute; v&yacute;stav\u011b EXPO 2010 v&nbsp;&Scaron;anghaji v jedine\u010dn&eacute; prostorov&eacute; a interaktivn&iacute; animaci. K&nbsp;t&eacute;to p\u0159&iacute;le\u017eitosti byla vyd&aacute;na dvoujazy\u010dn&aacute; kniha pro d\u011bti <a href=\"https:\/\/www.zdeneksklenar.cz\/obchod\/produkt\/111-opici-kral-zdenka-sklenare?category=13\"><em>Opi\u010d&iacute; kr&aacute;l Zde\u0148ka Sklen&aacute;\u0159e<\/em><\/a> i stejnojmenn&eacute; omalov&aacute;nky.<\/p>\n","protected":false},"excerpt":{"rendered":"<p>Sklen&aacute;\u0159\u016fv Opi\u010d&iacute; kr&aacute;l reprezentoval \u010ceskou republiku na V&scaron;eobecn&eacute; sv\u011btov&eacute; v&yacute;stav\u011b EXPO 2010 v&nbsp;&Scaron;anghaji v jedine\u010dn&eacute; prostorov&eacute; a interaktivn&iacute; animaci. K&nbsp;t&eacute;to p\u0159&iacute;le\u017eitosti byla vyd&aacute;na dvoujazy\u010dn&aacute; kniha pro d\u011bti Opi\u010d&iacute; kr&aacute;l Zde\u0148ka Sklen&aacute;\u0159e i stejnojmenn&eacute; omalov&aacute;nky.<\/p>\n","protected":false},"featured_media":5425,"comment_status":"closed","ping_status":"open","template":"","meta":{"_acf_changed":false},"product_brand":[],"product_cat":[34,38,31,33,62],"product_tag":[],"class_list":{"0":"post-5424","1":"product","2":"type-product","3":"status-publish","4":"has-post-thumbnail","6":"product_cat-graficke-listy","7":"product_cat-historicky-prodej","8":"product_cat-pro-deti","9":"product_cat-umelecka-dila","10":"product_cat-uncategorized-2","12":"first","13":"instock","14":"purchasable","15":"product-type-simple"},"acf":[],"_links":{"self":[{"href":"https:\/\/galeriesklenar.devwp.cz\/en\/wp-json\/wp\/v2\/product\/5424","targetHints":{"allow":["GET"]}}],"collection":[{"href":"https:\/\/galeriesklenar.devwp.cz\/en\/wp-json\/wp\/v2\/product"}],"about":[{"href":"https:\/\/galeriesklenar.devwp.cz\/en\/wp-json\/wp\/v2\/types\/product"}],"replies":[{"embeddable":true,"href":"https:\/\/galeriesklenar.devwp.cz\/en\/wp-json\/wp\/v2\/comments?post=5424"}],"wp:featuredmedia":[{"embeddable":true,"href":"https:\/\/galeriesklenar.devwp.cz\/en\/wp-json\/wp\/v2\/media\/5425"}],"wp:attachment":[{"href":"https:\/\/galeriesklenar.devwp.cz\/en\/wp-json\/wp\/v2\/media?parent=5424"}],"wp:term":[{"taxonomy":"product_brand","embeddable":true,"href":"https:\/\/galeriesklenar.devwp.cz\/en\/wp-json\/wp\/v2\/product_brand?post=5424"},{"taxonomy":"product_cat","embeddable":true,"href":"https:\/\/galeriesklenar.devwp.cz\/en\/wp-json\/wp\/v2\/product_cat?post=5424"},{"taxonomy":"product_tag","embeddable":true,"href":"https:\/\/galeriesklenar.devwp.cz\/en\/wp-json\/wp\/v2\/product_tag?post=5424"}],"curies":[{"name":"wp","href":"https:\/\/api.w.org\/{rel}","templated":true}]}}