{"id":5449,"date":"2024-03-15T15:56:31","date_gmt":"2024-03-15T15:56:31","guid":{"rendered":"https:\/\/galeriesklenar.devwp.cz\/product\/vaclav-bostik-19132005\/"},"modified":"2024-03-15T15:56:41","modified_gmt":"2024-03-15T15:56:41","slug":"vaclav-bostik-19132005","status":"publish","type":"product","link":"https:\/\/galeriesklenar.devwp.cz\/en\/product\/vaclav-bostik-19132005\/","title":{"rendered":"V\u00e1clav Bo\u0161t\u00edk 1913\u20262005"},"content":{"rendered":"<p>Katalog byl vyd&aacute;n u p\u0159&iacute;le\u017eitosti stejnojmenn&eacute; retrospektivn&iacute; v&yacute;stavy konan&eacute; v&nbsp;<em>Galerii hlavn&iacute;ho m\u011bsta Prahy ve dnech 15. 10. 2010 &ndash; 9. 1. 2011.<\/em> V&yacute;stava p\u0159edstavila pr\u016f\u0159ez celou Bo&scaron;t&iacute;kovou tvorbou od 30. do 90. let 20. stolet&iacute; a zmapovala jeho um\u011bleck&yacute; v&yacute;voj od realistick&eacute; malby k abstraktn&iacute;mu obrazu, kter&yacute; byl pro mal&iacute;\u0159e analogi&iacute; vesm&iacute;rn&eacute;ho \u0159&aacute;du. Text Karla Srpa sleduje jednotliv&eacute; etapy Bo&scaron;t&iacute;kova mal&iacute;\u0159sk&eacute;ho d&iacute;la; dopln\u011bno p\u0159ehledem \u017eivotopisn&yacute;ch &uacute;daj\u016f.<\/p>\n","protected":false},"excerpt":{"rendered":"<p>Katalog byl vyd&aacute;n u p\u0159&iacute;le\u017eitosti stejnojmenn&eacute; retrospektivn&iacute; v&yacute;stavy konan&eacute; v&nbsp;Galerii hlavn&iacute;ho m\u011bsta Prahy ve dnech 15. 10. 2010 &ndash; 9. 1. 2011. V&yacute;stava p\u0159edstavila pr\u016f\u0159ez celou Bo&scaron;t&iacute;kovou tvorbou od 30. do 90. let 20. stolet&iacute; a zmapovala jeho um\u011bleck&yacute; v&yacute;voj od realistick&eacute; malby k abstraktn&iacute;mu obrazu, kter&yacute; byl pro mal&iacute;\u0159e analogi&iacute; vesm&iacute;rn&eacute;ho \u0159&aacute;du. Text Karla [&hellip;]<\/p>\n","protected":false},"featured_media":5450,"comment_status":"closed","ping_status":"open","template":"","meta":{"_acf_changed":false},"product_brand":[],"product_cat":[21,27],"product_tag":[],"class_list":{"0":"post-5449","1":"product","2":"type-product","3":"status-publish","4":"has-post-thumbnail","6":"product_cat-uncategorized","7":"product_cat-katalogy","9":"first","10":"instock","11":"purchasable","12":"product-type-simple"},"acf":[],"_links":{"self":[{"href":"https:\/\/galeriesklenar.devwp.cz\/en\/wp-json\/wp\/v2\/product\/5449","targetHints":{"allow":["GET"]}}],"collection":[{"href":"https:\/\/galeriesklenar.devwp.cz\/en\/wp-json\/wp\/v2\/product"}],"about":[{"href":"https:\/\/galeriesklenar.devwp.cz\/en\/wp-json\/wp\/v2\/types\/product"}],"replies":[{"embeddable":true,"href":"https:\/\/galeriesklenar.devwp.cz\/en\/wp-json\/wp\/v2\/comments?post=5449"}],"wp:featuredmedia":[{"embeddable":true,"href":"https:\/\/galeriesklenar.devwp.cz\/en\/wp-json\/wp\/v2\/media\/5450"}],"wp:attachment":[{"href":"https:\/\/galeriesklenar.devwp.cz\/en\/wp-json\/wp\/v2\/media?parent=5449"}],"wp:term":[{"taxonomy":"product_brand","embeddable":true,"href":"https:\/\/galeriesklenar.devwp.cz\/en\/wp-json\/wp\/v2\/product_brand?post=5449"},{"taxonomy":"product_cat","embeddable":true,"href":"https:\/\/galeriesklenar.devwp.cz\/en\/wp-json\/wp\/v2\/product_cat?post=5449"},{"taxonomy":"product_tag","embeddable":true,"href":"https:\/\/galeriesklenar.devwp.cz\/en\/wp-json\/wp\/v2\/product_tag?post=5449"}],"curies":[{"name":"wp","href":"https:\/\/api.w.org\/{rel}","templated":true}]}}