{"id":5561,"date":"2024-03-15T15:56:31","date_gmt":"2024-03-15T15:56:31","guid":{"rendered":"https:\/\/galeriesklenar.devwp.cz\/product\/reynek-cz\/"},"modified":"2024-03-15T15:57:40","modified_gmt":"2024-03-15T15:57:40","slug":"reynek-cz","status":"publish","type":"product","link":"https:\/\/galeriesklenar.devwp.cz\/en\/product\/reynek-cz\/","title":{"rendered":"Reynek (CZ)"},"content":{"rendered":"<p>Katalog vydala spole\u010dnost BigMedia ve spolupr&aacute;ci s&nbsp;Galeri&iacute; Zden\u011bk Sklen&aacute;\u0159 k v&yacute;stav\u011b <a href=\"https:\/\/www.zdeneksklenar.cz\/vystavy\/90-bohuslav-reynekmarc-chagall\"><em>Reynek &ndash; G&eacute;nius, na kter&eacute;ho jsme m\u011bli zapomenout<\/em><\/a>, konan&eacute; ve dnech 17. 4. &ndash; 31. 7. 2014 ve Vald&scaron;tejnsk&eacute; j&iacute;zd&aacute;rn\u011b v&nbsp;Praze. Vznikl ve spolupr&aacute;ci Nadace Reynek, Galerie Zden\u011bk Sklen&aacute;\u0159 a Nada\u010dn&iacute;ho fondu Richarda Fuxy.<\/p>\n<p>POUZE OSOBN&Iacute; ODB\u011aR<\/p>\n","protected":false},"excerpt":{"rendered":"<p>Katalog vydala spole\u010dnost BigMedia ve spolupr&aacute;ci s&nbsp;Galeri&iacute; Zden\u011bk Sklen&aacute;\u0159 k v&yacute;stav\u011b Reynek &ndash; G&eacute;nius, na kter&eacute;ho jsme m\u011bli zapomenout, konan&eacute; ve dnech 17. 4. &ndash; 31. 7. 2014 ve Vald&scaron;tejnsk&eacute; j&iacute;zd&aacute;rn\u011b v&nbsp;Praze. Vznikl ve spolupr&aacute;ci Nadace Reynek, Galerie Zden\u011bk Sklen&aacute;\u0159 a Nada\u010dn&iacute;ho fondu Richarda Fuxy. POUZE OSOBN&Iacute; ODB\u011aR<\/p>\n","protected":false},"featured_media":4921,"comment_status":"closed","ping_status":"open","template":"","meta":{"_acf_changed":false},"product_brand":[],"product_cat":[35,36,34,27,33],"product_tag":[],"class_list":{"0":"post-5561","1":"product","2":"type-product","3":"status-publish","4":"has-post-thumbnail","6":"product_cat-aktualni-dila-k-prodeji","7":"product_cat-fineart","8":"product_cat-graficke-listy","9":"product_cat-katalogy","10":"product_cat-umelecka-dila","12":"first","13":"instock","14":"purchasable","15":"product-type-simple"},"acf":[],"_links":{"self":[{"href":"https:\/\/galeriesklenar.devwp.cz\/en\/wp-json\/wp\/v2\/product\/5561","targetHints":{"allow":["GET"]}}],"collection":[{"href":"https:\/\/galeriesklenar.devwp.cz\/en\/wp-json\/wp\/v2\/product"}],"about":[{"href":"https:\/\/galeriesklenar.devwp.cz\/en\/wp-json\/wp\/v2\/types\/product"}],"replies":[{"embeddable":true,"href":"https:\/\/galeriesklenar.devwp.cz\/en\/wp-json\/wp\/v2\/comments?post=5561"}],"wp:featuredmedia":[{"embeddable":true,"href":"https:\/\/galeriesklenar.devwp.cz\/en\/wp-json\/wp\/v2\/media\/4921"}],"wp:attachment":[{"href":"https:\/\/galeriesklenar.devwp.cz\/en\/wp-json\/wp\/v2\/media?parent=5561"}],"wp:term":[{"taxonomy":"product_brand","embeddable":true,"href":"https:\/\/galeriesklenar.devwp.cz\/en\/wp-json\/wp\/v2\/product_brand?post=5561"},{"taxonomy":"product_cat","embeddable":true,"href":"https:\/\/galeriesklenar.devwp.cz\/en\/wp-json\/wp\/v2\/product_cat?post=5561"},{"taxonomy":"product_tag","embeddable":true,"href":"https:\/\/galeriesklenar.devwp.cz\/en\/wp-json\/wp\/v2\/product_tag?post=5561"}],"curies":[{"name":"wp","href":"https:\/\/api.w.org\/{rel}","templated":true}]}}