{"id":5682,"date":"2024-03-15T15:58:31","date_gmt":"2024-03-15T15:58:31","guid":{"rendered":"https:\/\/galeriesklenar.devwp.cz\/product\/zdenek-sklenar-deset-tisic-veci-deset-tisic-let-4\/"},"modified":"2024-03-15T15:58:32","modified_gmt":"2024-03-15T15:58:32","slug":"zdenek-sklenar-deset-tisic-veci-deset-tisic-let-4","status":"publish","type":"product","link":"https:\/\/galeriesklenar.devwp.cz\/en\/product\/zdenek-sklenar-deset-tisic-veci-deset-tisic-let-4\/","title":{"rendered":"Zden\u011bk Sklen\u00e1\u0159 \u2013 Deset tis\u00edc v\u011bc\u00ed \/ deset tis\u00edc let"},"content":{"rendered":"<p>Plak&aacute;t vydan&yacute; u p\u0159&iacute;le\u017eitosti stejnojmenn&eacute; v&yacute;stavy <a href=\"https:\/\/www.zdeneksklenar.cz\/vystavy\/252-zdenek-sklenar--deset-tisic-veci-deset-tisic-let-\"><em>Zden\u011bk Sklen&aacute;\u0159 &ndash; Deset tis&iacute;c v\u011bc&iacute; \/&nbsp; deset tis&iacute;c let<\/em><\/a>, konan&eacute; od 17. 3. do 6. 6. 2010 v Dom\u011b U Kamenn&eacute;ho zvonu v Praze.<\/p>\n<p>\nN&aacute;zev: Zden\u011bk Sklen&aacute;\u0159 &ndash; Deset tis&iacute;c v\u011bc&iacute; \/ deset tis&iacute;c let<br \/>\nGrafick&aacute; &uacute;prava: Ale&scaron; Najbrt \/ Studio Najbrt<br \/>\nPopis: ofsetov&yacute; tisk, autorsk&yacute; kaligrafick&yacute; plak&aacute;t<br \/>\nRozm\u011bry: 97 x 67 cm<br \/>\nVydavatel: Galerie Zden\u011bk Sklen&aacute;\u0159<br \/>\nRok vyd&aacute;n&iacute;: 2010&nbsp;<\/p>\n","protected":false},"excerpt":{"rendered":"<p>Plak&aacute;t vydan&yacute; u p\u0159&iacute;le\u017eitosti stejnojmenn&eacute; v&yacute;stavy Zden\u011bk Sklen&aacute;\u0159 &ndash; Deset tis&iacute;c v\u011bc&iacute; \/&nbsp; deset tis&iacute;c let, konan&eacute; od 17. 3. do 6. 6. 2010 v Dom\u011b U Kamenn&eacute;ho zvonu v Praze. N&aacute;zev: Zden\u011bk Sklen&aacute;\u0159 &ndash; Deset tis&iacute;c v\u011bc&iacute; \/ deset tis&iacute;c let Grafick&aacute; &uacute;prava: Ale&scaron; Najbrt \/ Studio Najbrt Popis: ofsetov&yacute; tisk, autorsk&yacute; kaligrafick&yacute; plak&aacute;t [&hellip;]<\/p>\n","protected":false},"featured_media":5153,"comment_status":"closed","ping_status":"open","template":"","meta":{"_acf_changed":false},"product_brand":[],"product_cat":[21,30,62],"product_tag":[],"class_list":{"0":"post-5682","1":"product","2":"type-product","3":"status-publish","4":"has-post-thumbnail","6":"product_cat-uncategorized","7":"product_cat-plakaty","8":"product_cat-uncategorized-2","10":"first","11":"instock","12":"purchasable","13":"product-type-simple"},"acf":[],"_links":{"self":[{"href":"https:\/\/galeriesklenar.devwp.cz\/en\/wp-json\/wp\/v2\/product\/5682","targetHints":{"allow":["GET"]}}],"collection":[{"href":"https:\/\/galeriesklenar.devwp.cz\/en\/wp-json\/wp\/v2\/product"}],"about":[{"href":"https:\/\/galeriesklenar.devwp.cz\/en\/wp-json\/wp\/v2\/types\/product"}],"replies":[{"embeddable":true,"href":"https:\/\/galeriesklenar.devwp.cz\/en\/wp-json\/wp\/v2\/comments?post=5682"}],"wp:featuredmedia":[{"embeddable":true,"href":"https:\/\/galeriesklenar.devwp.cz\/en\/wp-json\/wp\/v2\/media\/5153"}],"wp:attachment":[{"href":"https:\/\/galeriesklenar.devwp.cz\/en\/wp-json\/wp\/v2\/media?parent=5682"}],"wp:term":[{"taxonomy":"product_brand","embeddable":true,"href":"https:\/\/galeriesklenar.devwp.cz\/en\/wp-json\/wp\/v2\/product_brand?post=5682"},{"taxonomy":"product_cat","embeddable":true,"href":"https:\/\/galeriesklenar.devwp.cz\/en\/wp-json\/wp\/v2\/product_cat?post=5682"},{"taxonomy":"product_tag","embeddable":true,"href":"https:\/\/galeriesklenar.devwp.cz\/en\/wp-json\/wp\/v2\/product_tag?post=5682"}],"curies":[{"name":"wp","href":"https:\/\/api.w.org\/{rel}","templated":true}]}}