{"id":5714,"date":"2024-03-15T15:58:31","date_gmt":"2024-03-15T15:58:31","guid":{"rendered":"https:\/\/galeriesklenar.devwp.cz\/product\/zdenek-sykora-100\/"},"modified":"2024-03-15T15:58:42","modified_gmt":"2024-03-15T15:58:42","slug":"zdenek-sykora-100","status":"publish","type":"product","link":"https:\/\/galeriesklenar.devwp.cz\/en\/product\/zdenek-sykora-100\/","title":{"rendered":"Zden\u011bk S\u00fdkora 100"},"content":{"rendered":"<p>Plak&aacute;t vydan&yacute; u p\u0159&iacute;le\u017eitosti stejnojmenn&eacute; v&yacute;stavy <a href=\"https:\/\/www.zdeneksklenar.cz\/vystavy\/327-zdenek-sykora-100\"><em>Zden\u011bk S&yacute;kora 100<\/em><\/a>, konan&eacute; od 4. 2. do 21. 3. 2020 v Galerii Zden\u011bk Sklen&aacute;\u0159 &ndash; Sch&ouml;nkirchovsk&yacute; pal&aacute;c, Mikulandsk&aacute; 7, Praha.<\/p>\n<p>N&aacute;zev: Zden\u011bk S&yacute;kora 100<br \/>\nGrafick&aacute; &uacute;prava: Zden\u011bk Ziegler<br \/>\nPopis: eco-solventn&iacute; tisk, \u010d&iacute;slov&aacute;no 1\/100&ndash;100\/100,<br \/>\nsignov&aacute;no Lenkou S&yacute;korovou a Zde\u0148kem Zieglerem<br \/>\nRozm\u011bry: 100 x 100 cm<br \/>\nVydavatel: Galerie Zden\u011bk Sklen&aacute;\u0159<br \/>\nRok vyd&aacute;n&iacute;: 2020<br \/>\nN&aacute;klad: 100 ks<\/p>\n","protected":false},"excerpt":{"rendered":"<p>Plak&aacute;t vydan&yacute; u p\u0159&iacute;le\u017eitosti stejnojmenn&eacute; v&yacute;stavy Zden\u011bk S&yacute;kora 100, konan&eacute; od 4. 2. do 21. 3. 2020 v Galerii Zden\u011bk Sklen&aacute;\u0159 &ndash; Sch&ouml;nkirchovsk&yacute; pal&aacute;c, Mikulandsk&aacute; 7, Praha. N&aacute;zev: Zden\u011bk S&yacute;kora 100 Grafick&aacute; &uacute;prava: Zden\u011bk Ziegler Popis: eco-solventn&iacute; tisk, \u010d&iacute;slov&aacute;no 1\/100&ndash;100\/100, signov&aacute;no Lenkou S&yacute;korovou a Zde\u0148kem Zieglerem Rozm\u011bry: 100 x 100 cm Vydavatel: Galerie Zden\u011bk Sklen&aacute;\u0159 [&hellip;]<\/p>\n","protected":false},"featured_media":5715,"comment_status":"closed","ping_status":"open","template":"","meta":{"_acf_changed":false},"product_brand":[],"product_cat":[21,30],"product_tag":[],"class_list":{"0":"post-5714","1":"product","2":"type-product","3":"status-publish","4":"has-post-thumbnail","6":"product_cat-uncategorized","7":"product_cat-plakaty","9":"first","10":"instock","11":"purchasable","12":"product-type-simple"},"acf":[],"_links":{"self":[{"href":"https:\/\/galeriesklenar.devwp.cz\/en\/wp-json\/wp\/v2\/product\/5714","targetHints":{"allow":["GET"]}}],"collection":[{"href":"https:\/\/galeriesklenar.devwp.cz\/en\/wp-json\/wp\/v2\/product"}],"about":[{"href":"https:\/\/galeriesklenar.devwp.cz\/en\/wp-json\/wp\/v2\/types\/product"}],"replies":[{"embeddable":true,"href":"https:\/\/galeriesklenar.devwp.cz\/en\/wp-json\/wp\/v2\/comments?post=5714"}],"wp:featuredmedia":[{"embeddable":true,"href":"https:\/\/galeriesklenar.devwp.cz\/en\/wp-json\/wp\/v2\/media\/5715"}],"wp:attachment":[{"href":"https:\/\/galeriesklenar.devwp.cz\/en\/wp-json\/wp\/v2\/media?parent=5714"}],"wp:term":[{"taxonomy":"product_brand","embeddable":true,"href":"https:\/\/galeriesklenar.devwp.cz\/en\/wp-json\/wp\/v2\/product_brand?post=5714"},{"taxonomy":"product_cat","embeddable":true,"href":"https:\/\/galeriesklenar.devwp.cz\/en\/wp-json\/wp\/v2\/product_cat?post=5714"},{"taxonomy":"product_tag","embeddable":true,"href":"https:\/\/galeriesklenar.devwp.cz\/en\/wp-json\/wp\/v2\/product_tag?post=5714"}],"curies":[{"name":"wp","href":"https:\/\/api.w.org\/{rel}","templated":true}]}}