{"id":5719,"date":"2024-03-15T15:58:31","date_gmt":"2024-03-15T15:58:31","guid":{"rendered":"https:\/\/galeriesklenar.devwp.cz\/product\/zdenek-sykora-moje-priroda-2\/"},"modified":"2024-03-15T15:58:44","modified_gmt":"2024-03-15T15:58:44","slug":"zdenek-sykora-moje-priroda-2","status":"publish","type":"product","link":"https:\/\/galeriesklenar.devwp.cz\/en\/product\/zdenek-sykora-moje-priroda-2\/","title":{"rendered":"Zden\u011bk S\u00fdkora \u2013 Moje p\u0159\u00edroda"},"content":{"rendered":"<p>Katalog vydan&yacute; u p\u0159&iacute;le\u017eitosti 100. v&yacute;ro\u010d&iacute; mal&iacute;\u0159ova narozen&iacute; zachycuje v&yacute;stavu <a href=\"https:\/\/www.zdeneksklenar.cz\/vystavy\/305-zdenek-sykora--moje-priroda-\">Zden\u011bk S&yacute;kora &ndash; Moje p\u0159&iacute;roda<\/a>, po\u0159&aacute;danou v Galerii Zden\u011bk Sklen&aacute;\u0159 ve dnech 5. 2. &ndash; 28. 4. 2019, je\u017e mapovala v&yacute;voj um\u011blcovy tvorby od roku 1942 a\u017e do roku 2009. P\u0159edev&scaron;&iacute;m ale cht\u011bla uk&aacute;zat Zde\u0148ka S&yacute;koru jinak. Vedle sebe byla p\u0159edstavena d&iacute;la, kter&aacute; se spolu b\u011b\u017en\u011b neobjevuj&iacute;: struktury a linie spolu s krajinomalbou a skvrnami. V&yacute;stava tak cht\u011bla rozb&iacute;t p\u0159edstavu S&yacute;kory jako po\u010d&iacute;ta\u010dov&eacute;ho um\u011blce a uk&aacute;zat jej znova jako mal&iacute;\u0159e, kter&yacute; proslul&aacute; abstraktn&iacute; d&iacute;la maloval soub\u011b\u017en\u011b s krajinami.<br \/>\nKatalog zaznamen&aacute;v&aacute; celou v&yacute;stavu: vedle reprodukc&iacute; v&scaron;ech tehdy vystaven&yacute;ch S&yacute;korov&yacute;ch obraz\u016f i fotografi&iacute; obsahuje tak&eacute; archivn&iacute; fotografie zachycuj&iacute;c&iacute; mal&iacute;\u0159e b\u011bhem tvorby, doprovodn&eacute; texty a fotodokumentaci expozice od Martina Pol&aacute;ka. V&scaron;e uv&aacute;d&iacute; text kur&aacute;torky Lenky S&yacute;korov&eacute; a autora instalace <a href=\"https:\/\/www.zdeneksklenar.cz\/umelci\/josef-pleskot-\">Josefa Pleskota<\/a>.<\/p>\n<p>Dvojjazy\u010dn&yacute; katalog vydala Galerie Zden\u011bk Sklen&aacute;\u0159 u p\u0159&iacute;le\u017eitosti v&yacute;stavy <a href=\"https:\/\/www.zdeneksklenar.cz\/vystavy\/327-zdenek-sykora-100\">Zden\u011bk S&yacute;kora 100<\/a>, po\u0159&aacute;dan&eacute; 4. 2. &ndash; 21. 3. 2020 v Galerii Zden\u011bk Sklen&aacute;\u0159.&nbsp;<\/p>\n","protected":false},"excerpt":{"rendered":"<p>Katalog vydan&yacute; u p\u0159&iacute;le\u017eitosti 100. v&yacute;ro\u010d&iacute; mal&iacute;\u0159ova narozen&iacute; zachycuje v&yacute;stavu Zden\u011bk S&yacute;kora &ndash; Moje p\u0159&iacute;roda, po\u0159&aacute;danou v Galerii Zden\u011bk Sklen&aacute;\u0159 ve dnech 5. 2. &ndash; 28. 4. 2019, je\u017e mapovala v&yacute;voj um\u011blcovy tvorby od roku 1942 a\u017e do roku 2009. P\u0159edev&scaron;&iacute;m ale cht\u011bla uk&aacute;zat Zde\u0148ka S&yacute;koru jinak. Vedle sebe byla p\u0159edstavena d&iacute;la, kter&aacute; se spolu [&hellip;]<\/p>\n","protected":false},"featured_media":5718,"comment_status":"closed","ping_status":"open","template":"","meta":{"_acf_changed":false},"product_brand":[],"product_cat":[21,27,62],"product_tag":[],"class_list":{"0":"post-5719","1":"product","2":"type-product","3":"status-publish","4":"has-post-thumbnail","6":"product_cat-uncategorized","7":"product_cat-katalogy","8":"product_cat-uncategorized-2","10":"first","11":"instock","12":"purchasable","13":"product-type-simple"},"acf":[],"_links":{"self":[{"href":"https:\/\/galeriesklenar.devwp.cz\/en\/wp-json\/wp\/v2\/product\/5719","targetHints":{"allow":["GET"]}}],"collection":[{"href":"https:\/\/galeriesklenar.devwp.cz\/en\/wp-json\/wp\/v2\/product"}],"about":[{"href":"https:\/\/galeriesklenar.devwp.cz\/en\/wp-json\/wp\/v2\/types\/product"}],"replies":[{"embeddable":true,"href":"https:\/\/galeriesklenar.devwp.cz\/en\/wp-json\/wp\/v2\/comments?post=5719"}],"wp:featuredmedia":[{"embeddable":true,"href":"https:\/\/galeriesklenar.devwp.cz\/en\/wp-json\/wp\/v2\/media\/5718"}],"wp:attachment":[{"href":"https:\/\/galeriesklenar.devwp.cz\/en\/wp-json\/wp\/v2\/media?parent=5719"}],"wp:term":[{"taxonomy":"product_brand","embeddable":true,"href":"https:\/\/galeriesklenar.devwp.cz\/en\/wp-json\/wp\/v2\/product_brand?post=5719"},{"taxonomy":"product_cat","embeddable":true,"href":"https:\/\/galeriesklenar.devwp.cz\/en\/wp-json\/wp\/v2\/product_cat?post=5719"},{"taxonomy":"product_tag","embeddable":true,"href":"https:\/\/galeriesklenar.devwp.cz\/en\/wp-json\/wp\/v2\/product_tag?post=5719"}],"curies":[{"name":"wp","href":"https:\/\/api.w.org\/{rel}","templated":true}]}}