{"id":6404,"date":"2024-03-15T16:03:00","date_gmt":"2024-03-15T16:03:00","guid":{"rendered":"https:\/\/galeriesklenar.devwp.cz\/product\/milan-grygar-2020-pastely-2\/"},"modified":"2024-03-15T16:03:25","modified_gmt":"2024-03-15T16:03:25","slug":"milan-grygar-2020-pastely-2","status":"publish","type":"product","link":"https:\/\/galeriesklenar.devwp.cz\/en\/product\/milan-grygar-2020-pastely-2\/","title":{"rendered":"Milan Grygar 2020 \u2013 Pastely"},"content":{"rendered":"<p>Kniha vych&aacute;z&iacute; u p\u0159&iacute;le\u017eitosti v&yacute;stavy <a href=\"https:\/\/www.zdeneksklenar.cz\/en\/exhibitions\/369-milan-grygar-2020-pastels\"><em>Milan Grygar 2020 &ndash; Pastely<\/em><\/a> po\u0159&aacute;dan&eacute; v Galerii Zden\u011bk Sklen&aacute;\u0159 v&nbsp;Praze ve dnech 15. 6. &ndash; 4. 9. 2021. K&nbsp;n&iacute; byl vyd&aacute;n tak&eacute; katalog <em><a href=\"https:\/\/www.zdeneksklenar.cz\/en\/shop\/product\/372-milan-grygar--spatial-scores\">Milan Grygar &ndash; Prostorov&eacute; partitury<\/a><\/em>, kter&yacute; fotograficky zdokumentoval Prostorov&eacute; partitury, Antifony a Vertik&aacute;ln&iacute; partitury realizovan&eacute; v letech 2012 a\u017e 2020 podle model\u016f z let 1968, 1974 a 1999.<br \/>\nPastely vy&scaron;ly spolu s&nbsp;Obrazy, kter&eacute; autor vystavil v Galerii Zden\u011bk Sklen&aacute;\u0159 v&nbsp;Praze ve dnech 24. 10. &ndash; 27. 11. 2021 pod n&aacute;zvem <em><a href=\"https:\/\/www.zdeneksklenar.cz\/en\/exhibitions\/375-milan-grygar-2021-paintings\">Milan Grygar 2021 &ndash; Obrazy<\/a>.<\/em><\/p>\n","protected":false},"excerpt":{"rendered":"<p>Kniha vych&aacute;z&iacute; u p\u0159&iacute;le\u017eitosti v&yacute;stavy Milan Grygar 2020 &ndash; Pastely po\u0159&aacute;dan&eacute; v Galerii Zden\u011bk Sklen&aacute;\u0159 v&nbsp;Praze ve dnech 15. 6. &ndash; 4. 9. 2021. K&nbsp;n&iacute; byl vyd&aacute;n tak&eacute; katalog Milan Grygar &ndash; Prostorov&eacute; partitury, kter&yacute; fotograficky zdokumentoval Prostorov&eacute; partitury, Antifony a Vertik&aacute;ln&iacute; partitury realizovan&eacute; v letech 2012 a\u017e 2020 podle model\u016f z let 1968, 1974 [&hellip;]<\/p>\n","protected":false},"featured_media":6405,"comment_status":"closed","ping_status":"open","template":"","meta":{"_acf_changed":false},"product_brand":[],"product_cat":[21,27],"product_tag":[],"class_list":{"0":"post-6404","1":"product","2":"type-product","3":"status-publish","4":"has-post-thumbnail","6":"product_cat-uncategorized","7":"product_cat-katalogy","9":"first","10":"instock","11":"purchasable","12":"product-type-simple"},"acf":[],"_links":{"self":[{"href":"https:\/\/galeriesklenar.devwp.cz\/en\/wp-json\/wp\/v2\/product\/6404","targetHints":{"allow":["GET"]}}],"collection":[{"href":"https:\/\/galeriesklenar.devwp.cz\/en\/wp-json\/wp\/v2\/product"}],"about":[{"href":"https:\/\/galeriesklenar.devwp.cz\/en\/wp-json\/wp\/v2\/types\/product"}],"replies":[{"embeddable":true,"href":"https:\/\/galeriesklenar.devwp.cz\/en\/wp-json\/wp\/v2\/comments?post=6404"}],"wp:featuredmedia":[{"embeddable":true,"href":"https:\/\/galeriesklenar.devwp.cz\/en\/wp-json\/wp\/v2\/media\/6405"}],"wp:attachment":[{"href":"https:\/\/galeriesklenar.devwp.cz\/en\/wp-json\/wp\/v2\/media?parent=6404"}],"wp:term":[{"taxonomy":"product_brand","embeddable":true,"href":"https:\/\/galeriesklenar.devwp.cz\/en\/wp-json\/wp\/v2\/product_brand?post=6404"},{"taxonomy":"product_cat","embeddable":true,"href":"https:\/\/galeriesklenar.devwp.cz\/en\/wp-json\/wp\/v2\/product_cat?post=6404"},{"taxonomy":"product_tag","embeddable":true,"href":"https:\/\/galeriesklenar.devwp.cz\/en\/wp-json\/wp\/v2\/product_tag?post=6404"}],"curies":[{"name":"wp","href":"https:\/\/api.w.org\/{rel}","templated":true}]}}