{"id":6432,"date":"2024-03-15T16:03:00","date_gmt":"2024-03-15T16:03:00","guid":{"rendered":"https:\/\/galeriesklenar.devwp.cz\/product\/rabindranath-thakur-gitandzali-karel-malich-kozena-vazba\/"},"modified":"2024-03-15T16:03:38","modified_gmt":"2024-03-15T16:03:38","slug":"rabindranath-thakur-gitandzali-karel-malich-kozena-vazba","status":"publish","type":"product","link":"https:\/\/galeriesklenar.devwp.cz\/en\/product\/rabindranath-thakur-gitandzali-karel-malich-kozena-vazba\/","title":{"rendered":"Rab\u00edndran\u00e1th Th\u00e1kur: G\u00edt\u00e1\u0148d\u017eali \/ Karel Malich (Ko\u017een\u00e1 vazba)"},"content":{"rendered":"<p>G&iacute;t&aacute;\u0148d\u017eali &ndash; b&aacute;snick&aacute; sb&iacute;rka beng&aacute;lsk&eacute;ho autora Rab&iacute;ndran&aacute;tha Th&aacute;kura (1861&ndash;1941) &ndash; je jednou ze st\u011b\u017eejn&iacute;ch knih sv\u011btov&eacute;ho p&iacute;semnictv&iacute;. K&nbsp;jej&iacute;mu vyd&aacute;n&iacute; v&nbsp;Anglii v&nbsp;roce 1912 dopomohla zaj&iacute;mav&aacute; souhra n&aacute;hod, kter&aacute; o rok pozd\u011bji vyvrcholila Nobelovou cenou za literaturu, ji\u017e Th&aacute;kur za sb&iacute;rku z&iacute;skal. Ta mu pak otev\u0159ela cestu ke \u010dten&aacute;\u0159\u016fm a vytvo\u0159ila z n\u011bj vpravd\u011b sv\u011btov&eacute;ho spisovatele.<br \/>\nNem&eacute;n\u011b zaj&iacute;mav&eacute; jsou osudy jej&iacute;ho \u010desk&eacute;ho p\u0159ekladatele, indologa Du&scaron;ana Zbavitele (1925&ndash;2012). S&nbsp;Th&aacute;kurem byl &uacute;zce spjat od sv&yacute;ch studi&iacute;, publikoval o n\u011bm mno\u017estv&iacute; mezin&aacute;rodn&iacute;ch prac&iacute; a po cel&yacute; \u017eivot p\u0159ekl&aacute;dal jeho b&aacute;sn\u011b, pov&iacute;dky i rom&aacute;ny. V Indii byl n\u011bkolikr&aacute;t ocen\u011bn st&aacute;tn&iacute;m vyznamen&aacute;n&iacute;m. Zbavitelovo sep\u011bt&iacute; s Th&aacute;kurem m&aacute; i jeden bezm&aacute;la mystick&yacute; rozm\u011br: Du&scaron;an Zbavitel a Rab&iacute;ndran&aacute;th Th&aacute;kur se narodili i zem\u0159eli ve stejn&yacute; den (7. kv\u011btna a 7. srpna).<br \/>\nTriumvir&aacute;t osobnost&iacute; uzav&iacute;r&aacute; v&yacute;znamn&yacute; mal&iacute;\u0159 a socha\u0159 <em><a href=\"https:\/\/www.zdeneksklenar.cz\/umelci\/karel-malich\">Karel Malich<\/a><\/em> (1924&ndash;2019), kter&yacute; ke sb&iacute;rce <u><em><a href=\"https:\/\/www.zdeneksklenar.cz\/vystavy\/392-karel-malich--gitandzali--zdenek-ziegler\">G&iacute;t&aacute;\u0148d\u017eali <\/a><\/em><\/u>vytvo\u0159il v&nbsp;roce 2010 v&yacute;tvarn&yacute; doprovod.<br \/>\n&nbsp;<br \/>\nKniha je pr&aacute;v\u011b Du&scaron;anu Zbavitelovi a<em><a href=\"https:\/\/www.zdeneksklenar.cz\/umelci\/karel-malich\"> Karlu Malichovi<\/a><\/em> v\u011bnov&aacute;na.<br \/>\nBibliofilii G&iacute;t&aacute;\u0148d\u017eali vydala Galerie Zden\u011bk Sklen&aacute;\u0159 v n&aacute;kladu 40 exempl&aacute;\u0159\u016f \u010d&iacute;slovan&yacute;ch 1 a\u017e 40 a dvou exempl&aacute;\u0159\u016f autorsk&yacute;ch \u010d&iacute;slovan&yacute;ch I a II, z&nbsp;nich\u017e ka\u017ed&yacute; obsahuje jin&yacute; origin&aacute;l <em><a href=\"https:\/\/www.zdeneksklenar.cz\/umelci\/karel-malich\">Karla Malicha.<\/a>&nbsp;Dvan&aacute;ct je v&aacute;z&aacute;no v&nbsp;k\u016f\u017ei.<\/p>\n<p>Sou\u010dasn\u011b vy&scaron;la i verze <a href=\"https:\/\/www.zdeneksklenar.cz\/obchod\/produkt\/397-rabindranath-thakur-gitandzali--karel-malich\">G&iacute;t&aacute;\u0148d\u017eali<\/a> s reprodukcemi v&scaron;ech 42 pastel\u016f.<\/em><\/p>\n","protected":false},"excerpt":{"rendered":"<p>G&iacute;t&aacute;\u0148d\u017eali &ndash; b&aacute;snick&aacute; sb&iacute;rka beng&aacute;lsk&eacute;ho autora Rab&iacute;ndran&aacute;tha Th&aacute;kura (1861&ndash;1941) &ndash; je jednou ze st\u011b\u017eejn&iacute;ch knih sv\u011btov&eacute;ho p&iacute;semnictv&iacute;. K&nbsp;jej&iacute;mu vyd&aacute;n&iacute; v&nbsp;Anglii v&nbsp;roce 1912 dopomohla zaj&iacute;mav&aacute; souhra n&aacute;hod, kter&aacute; o rok pozd\u011bji vyvrcholila Nobelovou cenou za literaturu, ji\u017e Th&aacute;kur za sb&iacute;rku z&iacute;skal. Ta mu pak otev\u0159ela cestu ke \u010dten&aacute;\u0159\u016fm a vytvo\u0159ila z n\u011bj vpravd\u011b sv\u011btov&eacute;ho spisovatele. Nem&eacute;n\u011b [&hellip;]<\/p>\n","protected":false},"featured_media":6433,"comment_status":"closed","ping_status":"open","template":"","meta":{"_acf_changed":false},"product_brand":[],"product_cat":[35,23,36,34,33],"product_tag":[],"class_list":{"0":"post-6432","1":"product","2":"type-product","3":"status-publish","4":"has-post-thumbnail","6":"product_cat-aktualni-dila-k-prodeji","7":"product_cat-bibliofilie","8":"product_cat-fineart","9":"product_cat-graficke-listy","10":"product_cat-umelecka-dila","12":"first","13":"instock","14":"purchasable","15":"product-type-simple"},"acf":[],"_links":{"self":[{"href":"https:\/\/galeriesklenar.devwp.cz\/en\/wp-json\/wp\/v2\/product\/6432","targetHints":{"allow":["GET"]}}],"collection":[{"href":"https:\/\/galeriesklenar.devwp.cz\/en\/wp-json\/wp\/v2\/product"}],"about":[{"href":"https:\/\/galeriesklenar.devwp.cz\/en\/wp-json\/wp\/v2\/types\/product"}],"replies":[{"embeddable":true,"href":"https:\/\/galeriesklenar.devwp.cz\/en\/wp-json\/wp\/v2\/comments?post=6432"}],"wp:featuredmedia":[{"embeddable":true,"href":"https:\/\/galeriesklenar.devwp.cz\/en\/wp-json\/wp\/v2\/media\/6433"}],"wp:attachment":[{"href":"https:\/\/galeriesklenar.devwp.cz\/en\/wp-json\/wp\/v2\/media?parent=6432"}],"wp:term":[{"taxonomy":"product_brand","embeddable":true,"href":"https:\/\/galeriesklenar.devwp.cz\/en\/wp-json\/wp\/v2\/product_brand?post=6432"},{"taxonomy":"product_cat","embeddable":true,"href":"https:\/\/galeriesklenar.devwp.cz\/en\/wp-json\/wp\/v2\/product_cat?post=6432"},{"taxonomy":"product_tag","embeddable":true,"href":"https:\/\/galeriesklenar.devwp.cz\/en\/wp-json\/wp\/v2\/product_tag?post=6432"}],"curies":[{"name":"wp","href":"https:\/\/api.w.org\/{rel}","templated":true}]}}