{"id":6498,"date":"2024-03-15T16:03:40","date_gmt":"2024-03-15T16:03:40","guid":{"rendered":"https:\/\/galeriesklenar.devwp.cz\/product\/karel-srp-vaclav-bostik-2\/"},"modified":"2024-03-15T16:04:16","modified_gmt":"2024-03-15T16:04:16","slug":"karel-srp-vaclav-bostik-2","status":"publish","type":"product","link":"https:\/\/galeriesklenar.devwp.cz\/en\/product\/karel-srp-vaclav-bostik-2\/","title":{"rendered":"Karel Srp: V\u00e1clav Bo\u0161t\u00edk"},"content":{"rendered":"<p>Nov&eacute;, revidovan&eacute; a dopln\u011bn&eacute; vyd&aacute;n&iacute; monografie Karla Srpa z&nbsp;roku 2011 o \u017eivot\u011b a d&iacute;le <a href=\"https:\/\/www.zdeneksklenar.cz\/umelci\/vaclav-bostik\">V&aacute;clava Bo&scaron;t&iacute;ka<\/a> (1913&ndash;2005) obsahuje 508 barevn&yacute;ch reprodukc&iacute; a 63 dokument&aacute;rn&iacute;ch fotografi&iacute;. Soupis v&yacute;stav a bibliografii zpracoval Archiv v&yacute;tvarn&eacute;ho um\u011bn&iacute;\/Veronika Rub&aacute;&scaron;ov&aacute;.<br \/>\n&nbsp;<br \/>\nVyd&aacute;no u p\u0159&iacute;le\u017eitosti 110. v&yacute;ro\u010d&iacute; narozen&iacute; <a href=\"https:\/\/www.zdeneksklenar.cz\/umelci\/vaclav-bostik\">V&aacute;clava Bo&scaron;t&iacute;ka<\/a>.<\/p>\n<p>V&yacute;hradn\u011b k prodeji v Galerii Zden\u011bk Sklen&aacute;\u0159.<\/p>\n","protected":false},"excerpt":{"rendered":"<p>Nov&eacute;, revidovan&eacute; a dopln\u011bn&eacute; vyd&aacute;n&iacute; monografie Karla Srpa z&nbsp;roku 2011 o \u017eivot\u011b a d&iacute;le V&aacute;clava Bo&scaron;t&iacute;ka (1913&ndash;2005) obsahuje 508 barevn&yacute;ch reprodukc&iacute; a 63 dokument&aacute;rn&iacute;ch fotografi&iacute;. Soupis v&yacute;stav a bibliografii zpracoval Archiv v&yacute;tvarn&eacute;ho um\u011bn&iacute;\/Veronika Rub&aacute;&scaron;ov&aacute;. &nbsp; Vyd&aacute;no u p\u0159&iacute;le\u017eitosti 110. v&yacute;ro\u010d&iacute; narozen&iacute; V&aacute;clava Bo&scaron;t&iacute;ka. V&yacute;hradn\u011b k prodeji v Galerii Zden\u011bk Sklen&aacute;\u0159.<\/p>\n","protected":false},"featured_media":6499,"comment_status":"closed","ping_status":"open","template":"","meta":{"_acf_changed":false},"product_brand":[],"product_cat":[35,36,34,29,33],"product_tag":[],"class_list":{"0":"post-6498","1":"product","2":"type-product","3":"status-publish","4":"has-post-thumbnail","6":"product_cat-aktualni-dila-k-prodeji","7":"product_cat-fineart","8":"product_cat-graficke-listy","9":"product_cat-monografie","10":"product_cat-umelecka-dila","12":"first","13":"instock","14":"purchasable","15":"product-type-simple"},"acf":[],"_links":{"self":[{"href":"https:\/\/galeriesklenar.devwp.cz\/en\/wp-json\/wp\/v2\/product\/6498","targetHints":{"allow":["GET"]}}],"collection":[{"href":"https:\/\/galeriesklenar.devwp.cz\/en\/wp-json\/wp\/v2\/product"}],"about":[{"href":"https:\/\/galeriesklenar.devwp.cz\/en\/wp-json\/wp\/v2\/types\/product"}],"replies":[{"embeddable":true,"href":"https:\/\/galeriesklenar.devwp.cz\/en\/wp-json\/wp\/v2\/comments?post=6498"}],"wp:featuredmedia":[{"embeddable":true,"href":"https:\/\/galeriesklenar.devwp.cz\/en\/wp-json\/wp\/v2\/media\/6499"}],"wp:attachment":[{"href":"https:\/\/galeriesklenar.devwp.cz\/en\/wp-json\/wp\/v2\/media?parent=6498"}],"wp:term":[{"taxonomy":"product_brand","embeddable":true,"href":"https:\/\/galeriesklenar.devwp.cz\/en\/wp-json\/wp\/v2\/product_brand?post=6498"},{"taxonomy":"product_cat","embeddable":true,"href":"https:\/\/galeriesklenar.devwp.cz\/en\/wp-json\/wp\/v2\/product_cat?post=6498"},{"taxonomy":"product_tag","embeddable":true,"href":"https:\/\/galeriesklenar.devwp.cz\/en\/wp-json\/wp\/v2\/product_tag?post=6498"}],"curies":[{"name":"wp","href":"https:\/\/api.w.org\/{rel}","templated":true}]}}